{"id":756,"date":"2023-02-13T18:04:29","date_gmt":"2023-02-13T17:04:29","guid":{"rendered":"https:\/\/opalaventure.com\/?page_id=756"},"modified":"2026-03-05T21:54:29","modified_gmt":"2026-03-05T20:54:29","slug":"tarifs-reservations","status":"publish","type":"page","link":"https:\/\/opalaventure.com\/en\/tarifs-reservations\/","title":{"rendered":"Tarifs et r\u00e9servation"},"content":{"rendered":"<div data-elementor-type=\"wp-page\" data-elementor-id=\"756\" class=\"elementor elementor-756\" data-elementor-post-type=\"page\">\n\t\t\t\t\t\t<section class=\"elementor-section elementor-top-section elementor-element elementor-element-1fa7bd0 elementor-section-boxed elementor-section-height-default elementor-section-height-default\" data-id=\"1fa7bd0\" data-element_type=\"section\" data-e-type=\"section\">\n\t\t\t\t\t\t<div class=\"elementor-container elementor-column-gap-default\">\n\t\t\t\t\t<div class=\"elementor-column elementor-col-100 elementor-top-column elementor-element elementor-element-1c59f69\" data-id=\"1c59f69\" data-element_type=\"column\" data-e-type=\"column\">\n\t\t\t<div class=\"elementor-widget-wrap elementor-element-populated\">\n\t\t\t\t\t\t<div class=\"elementor-element elementor-element-436a6d3 elementor-widget elementor-widget-text-editor\" data-id=\"436a6d3\" data-element_type=\"widget\" data-e-type=\"widget\" data-widget_type=\"text-editor.default\">\n\t\t\t\t<div class=\"elementor-widget-container\">\n\t\t\t\t\t\t\t\t\t<p>Tarifs &amp; horaires<\/p>\t\t\t\t\t\t\t\t<\/div>\n\t\t\t\t<\/div>\n\t\t\t\t<div class=\"elementor-element elementor-element-2038953 elementor-hidden-desktop elementor-hidden-tablet elementor-hidden-mobile elementor-widget elementor-widget-text-editor\" data-id=\"2038953\" data-element_type=\"widget\" data-e-type=\"widget\" data-widget_type=\"text-editor.default\">\n\t\t\t\t<div class=\"elementor-widget-container\">\n\t\t\t\t\t\t\t\t\t<p>R\u00e9servation obligatoire<\/p>\t\t\t\t\t\t\t\t<\/div>\n\t\t\t\t<\/div>\n\t\t\t\t<div class=\"elementor-element elementor-element-06d6346 elementor-widget elementor-widget-html\" data-id=\"06d6346\" data-element_type=\"widget\" data-e-type=\"widget\" data-widget_type=\"html.default\">\n\t\t\t\t<div class=\"elementor-widget-container\">\n\t\t\t\t\t<guidap-reserve-button><\/guidap-reserve-button>\t\t\t\t<\/div>\n\t\t\t\t<\/div>\n\t\t\t\t<div class=\"elementor-element elementor-element-1e51518 elementor-widget elementor-widget-text-editor\" data-id=\"1e51518\" data-element_type=\"widget\" data-e-type=\"widget\" data-widget_type=\"text-editor.default\">\n\t\t\t\t<div class=\"elementor-widget-container\">\n\t\t\t\t\t\t\t\t\t<p><strong>Aucun paiement en ligne.<\/strong> Le r\u00e8glement se d\u00e9roule sur place en <strong>ch\u00e8que \/ esp\u00e8ces \/ ch\u00e8que vacances.<\/strong><\/p>\t\t\t\t\t\t\t\t<\/div>\n\t\t\t\t<\/div>\n\t\t\t\t<section class=\"elementor-section elementor-inner-section elementor-element elementor-element-63d7cc7 elementor-section-boxed elementor-section-height-default elementor-section-height-default\" data-id=\"63d7cc7\" data-element_type=\"section\" data-e-type=\"section\" data-settings=\"{&quot;background_background&quot;:&quot;classic&quot;}\">\n\t\t\t\t\t\t<div class=\"elementor-container elementor-column-gap-default\">\n\t\t\t\t\t<div class=\"elementor-column elementor-col-50 elementor-inner-column elementor-element elementor-element-514428f\" data-id=\"514428f\" data-element_type=\"column\" data-e-type=\"column\">\n\t\t\t<div class=\"elementor-widget-wrap elementor-element-populated\">\n\t\t\t\t\t\t<div class=\"elementor-element elementor-element-0d43fb0 elementor-widget elementor-widget-image\" data-id=\"0d43fb0\" data-element_type=\"widget\" data-e-type=\"widget\" data-widget_type=\"image.default\">\n\t\t\t\t<div class=\"elementor-widget-container\">\n\t\t\t\t\t\t\t\t\t\t\t\t\t\t\t<img fetchpriority=\"high\" decoding=\"async\" width=\"591\" height=\"131\" src=\"https:\/\/opalaventure.com\/wp-content\/uploads\/2023\/02\/daysfr-1.jpg\" class=\"attachment-large size-large wp-image-1115\" alt=\"\" srcset=\"https:\/\/opalaventure.com\/wp-content\/uploads\/2023\/02\/daysfr-1.jpg 591w, https:\/\/opalaventure.com\/wp-content\/uploads\/2023\/02\/daysfr-1-300x66.jpg 300w, https:\/\/opalaventure.com\/wp-content\/uploads\/2023\/02\/daysfr-1-18x4.jpg 18w\" sizes=\"(max-width: 591px) 100vw, 591px\" \/>\t\t\t\t\t\t\t\t\t\t\t\t\t\t\t<\/div>\n\t\t\t\t<\/div>\n\t\t\t\t<div class=\"elementor-element elementor-element-79add54 e-transform e-transform elementor-widget elementor-widget-html\" data-id=\"79add54\" data-element_type=\"widget\" data-e-type=\"widget\" data-settings=\"{&quot;_transform_translateX_effect_mobile&quot;:{&quot;unit&quot;:&quot;px&quot;,&quot;size&quot;:-67,&quot;sizes&quot;:[]},&quot;_transform_scale_effect_mobile&quot;:{&quot;unit&quot;:&quot;px&quot;,&quot;size&quot;:0.7,&quot;sizes&quot;:[]},&quot;_transform_translateX_effect_tablet&quot;:{&quot;unit&quot;:&quot;px&quot;,&quot;size&quot;:-47,&quot;sizes&quot;:[]},&quot;_transform_scale_effect_tablet&quot;:{&quot;unit&quot;:&quot;px&quot;,&quot;size&quot;:0.7,&quot;sizes&quot;:[]},&quot;_transform_translateX_effect&quot;:{&quot;unit&quot;:&quot;px&quot;,&quot;size&quot;:&quot;&quot;,&quot;sizes&quot;:[]},&quot;_transform_translateY_effect&quot;:{&quot;unit&quot;:&quot;px&quot;,&quot;size&quot;:&quot;&quot;,&quot;sizes&quot;:[]},&quot;_transform_translateY_effect_tablet&quot;:{&quot;unit&quot;:&quot;px&quot;,&quot;size&quot;:&quot;&quot;,&quot;sizes&quot;:[]},&quot;_transform_translateY_effect_mobile&quot;:{&quot;unit&quot;:&quot;px&quot;,&quot;size&quot;:&quot;&quot;,&quot;sizes&quot;:[]},&quot;_transform_scale_effect&quot;:{&quot;unit&quot;:&quot;px&quot;,&quot;size&quot;:&quot;&quot;,&quot;sizes&quot;:[]}}\" data-widget_type=\"html.default\">\n\t\t\t\t<div class=\"elementor-widget-container\">\n\t\t\t\t\t<table class=\"tarifs-table\" cellspacing=\"0\" cellpadding=\"0\"style=\"font-family:Poppins; color:#55745A\">\n  <tbody>\n  <tr class=\"tarifs-top-row\" style=\"color:#fff0aa; font-weight:800; background-color:#fe8c19; font-family:Poppins;\">\n  <td class=\"tarifs-left tarifs-top\" style=\"text-align: center;\">Tarifs par parcours<\/td>\n  <td class=\"tarifs-top\" style=\"text-align: center;\">ADULTE<\/td>\n  <td class=\"tarifs-top\" style=\"text-align: center;\">DECOUVERTE<\/td>\n  <td class=\"tarifs-top\" style=\"text-align: center;\">ENFANT<\/td>\n  <td class=\"tarifs-top\" style=\"text-align: center;\">BABY<\/td>\n  \n   \n  <\/tr>\n  <tr>\n  <td class=\"tarifs-left open2\"style=\"font-weight:800;\">1 personne<\/td>\n  <td class=\"open1\"style=\"font-weight:800;\">26 \u20ac<\/td>\n  <td class=\"open1\"style=\"font-weight:800;\">22 \u20ac<\/td>\n  <td class=\"open1\"style=\"font-weight:800;\">15 \u20ac<\/td>\n  <td class=\"open1\" rowspan=\"4\" style=\"vertical-align: middle; font-weight:800;\">7 \u20ac<\/td>\n  <\/tr>\n  <tr>\n  <td class=\"tarifs-left open2\"style=\"font-weight:800;\">+ de 12 personnes<\/td>\n  <td class=\"open1\">24 euros<\/td>\n  <td class=\"open1\">21 euros<\/td>\n  <td class=\"open1\">14 euros<\/td>  <\/tr>\n  \n  <tr>\n  <td class=\"tarifs-left open2\"style=\"font-weight:800;\">Scolaires et encadr\u00e9s<\/td>\n  <td class=\"open1\" style=\"font-weight:800;text-align: center;\"colspan=\"3\">Devis sur demande<\/td>\n  <\/tr>\n  <tr>\n  <td class=\"tarifs-left open2\" style=\"text-align: center;font-weight:800;\">Parcours nocturne<\/td>\n  <td class=\"tarifs-center open1\" style=\"text-align: center;\" colspan=\"3\">32\u20ac\/pers Groupe de 9 personnes minimum (uniquement sur r\u00e9servation)<\/td>  \n   <\/tr>\n  <tr>\n  <td class=\"tarifs-left open2\" style=\"text-align: center;font-weight:800;\">Escape game outdoor<\/td>\n   <td class=\"tarifs-center open1\" style=\"text-align: center;\" colspan=\"3\">12\u20ac\/pers - Temps d'activit\u00e9 1h30<\/td>  \n     <\/tr>\n  <tr>\n  <td class=\"tarifs-left open2\" style=\"text-align: center;font-weight:800;\">Bungy ejection<\/td>\n   <td class=\"tarifs-center open1\" style=\"text-align: center;\" colspan=\"3\">12\u20ac\/pers - 2 sauts par personnes<\/td> \n     <\/tr>\n  <tr>\n  <td class=\"tarifs-left open2\" style=\"text-align: center;font-weight:800;\">Course d'orientation<\/td>\n   <td class=\"tarifs-center open1\" style=\"text-align: center;\" colspan=\"3\">7\u20ac\/pers - Temps d'activit\u00e9 1h30<\/td>  \n  <\/tr>\n  <tr>\n  <td class=\"tarifs-left open2\" style=\"text-align: center;font-weight:800;\">The Wall<\/td>\n   <td class=\"tarifs-center open1\" style=\"text-align: center;\" colspan=\"3\">Mur d'escalade de 12m accessible aux parcours accrobranche adultes et d\u00e9couvertes<\/td>  \n\n  <\/tr>\n  <\/tbody>\n  <\/table>\t\t\t\t<\/div>\n\t\t\t\t<\/div>\n\t\t\t\t\t<\/div>\n\t\t<\/div>\n\t\t\t\t<div class=\"elementor-column elementor-col-50 elementor-inner-column elementor-element elementor-element-d49ebc5\" data-id=\"d49ebc5\" data-element_type=\"column\" data-e-type=\"column\">\n\t\t\t<div class=\"elementor-widget-wrap elementor-element-populated\">\n\t\t\t\t\t\t<div class=\"elementor-element elementor-element-fc28286 elementor-widget elementor-widget-text-editor\" data-id=\"fc28286\" data-element_type=\"widget\" data-e-type=\"widget\" data-widget_type=\"text-editor.default\">\n\t\t\t\t<div class=\"elementor-widget-container\">\n\t\t\t\t\t\t\t\t\t<h2>Moyen de paiement<\/h2><ul><li>Esp\u00e8ces<\/li><li>Ch\u00e8que<\/li><li>Ch\u00e8que vacances ANCV<\/li><li>Ch\u00e8que bien \u00eatre &amp; Sport ACTOBI.<\/li><\/ul>\t\t\t\t\t\t\t\t<\/div>\n\t\t\t\t<\/div>\n\t\t\t\t<section class=\"elementor-section elementor-inner-section elementor-element elementor-element-a415841 elementor-section-boxed elementor-section-height-default elementor-section-height-default\" data-id=\"a415841\" data-element_type=\"section\" data-e-type=\"section\">\n\t\t\t\t\t\t<div class=\"elementor-container elementor-column-gap-default\">\n\t\t\t\t\t<div class=\"elementor-column elementor-col-50 elementor-inner-column elementor-element elementor-element-cd1b12e\" data-id=\"cd1b12e\" data-element_type=\"column\" data-e-type=\"column\">\n\t\t\t<div class=\"elementor-widget-wrap elementor-element-populated\">\n\t\t\t\t\t\t<div class=\"elementor-element elementor-element-adc4467 elementor-view-default elementor-widget elementor-widget-icon\" data-id=\"adc4467\" data-element_type=\"widget\" data-e-type=\"widget\" data-widget_type=\"icon.default\">\n\t\t\t\t<div class=\"elementor-widget-container\">\n\t\t\t\t\t\t\t<div class=\"elementor-icon-wrapper\">\n\t\t\t<div class=\"elementor-icon\">\n\t\t\t<svg xmlns=\"http:\/\/www.w3.org\/2000\/svg\" xmlns:xlink=\"http:\/\/www.w3.org\/1999\/xlink\" id=\"Calque_1\" x=\"0px\" y=\"0px\" viewbox=\"0 0 258 228.4\" xml:space=\"preserve\"><g>\t<path d=\"M82,203.6H25.6C11.5,203.6,0,192.1,0,178V51.3c0-14.1,11.5-25.6,25.6-25.6h149.1v7H25.6C15.4,32.6,7,41,7,51.3V178  c0,10.3,8.4,18.6,18.6,18.6H82V203.6z\"><\/path><\/g><g>\t<path d=\"M228.9,203.6H105.1c-1.9,0-3.5-1.6-3.5-3.5v0c0-1.9,1.6-3.5,3.5-3.5h123.8c12.2,0,22.1-9.9,22.1-22.1V54.8  c0-12.2-9.9-22.1-22.1-22.1h-30.9c-1.9,0-3.5-1.6-3.5-3.5v0c0-1.9,1.6-3.5,3.5-3.5h30.9c16.1,0,29.1,13,29.1,29.1v119.7  C258,190.6,245,203.6,228.9,203.6z\"><\/path><\/g><path d=\"M188.9,8.4L71.1,225.5c-1.5,2.8-4.9,3.8-7.7,2.3l0,0c-2.8-1.5-3.8-4.9-2.3-7.7L179,3c1.5-2.8,4.9-3.8,7.7-2.3v0 C189.4,2.2,190.4,5.6,188.9,8.4z\"><\/path><path d=\"M198,154.7c-4.2,3.6-9.7,5.7-15.6,5.7c-13.4,0-24.3-10.9-24.3-24.3c0-13.4,10.9-24.3,24.3-24.3c6,0,11.4,2.1,15.6,5.7 c-5.3,4.5-8.7,11.1-8.7,18.6C189.4,143.6,192.7,150.3,198,154.7z\"><\/path><path d=\"M238,136.1c0,13.4-10.9,24.3-24.3,24.3c-6,0-11.4-2.1-15.6-5.7c5.3-4.5,8.7-11.1,8.7-18.6s-3.4-14.1-8.7-18.6 c4.2-3.6,9.7-5.7,15.6-5.7C227.1,111.8,238,122.7,238,136.1z\"><\/path><g>\t<polygon points=\"163.6,55.1 3.5,55.1 3.5,82 149,82  \"><\/polygon>\t<polygon points=\"185.7,55.1 172.8,82 254.5,82 254.5,55.1  \"><\/polygon><\/g><\/svg>\t\t\t<\/div>\n\t\t<\/div>\n\t\t\t\t\t\t<\/div>\n\t\t\t\t<\/div>\n\t\t\t\t\t<\/div>\n\t\t<\/div>\n\t\t\t\t<div class=\"elementor-column elementor-col-50 elementor-inner-column elementor-element elementor-element-4749cc7\" data-id=\"4749cc7\" data-element_type=\"column\" data-e-type=\"column\">\n\t\t\t<div class=\"elementor-widget-wrap elementor-element-populated\">\n\t\t\t\t\t\t<div class=\"elementor-element elementor-element-812e187 elementor-widget elementor-widget-text-editor\" data-id=\"812e187\" data-element_type=\"widget\" data-e-type=\"widget\" data-widget_type=\"text-editor.default\">\n\t\t\t\t<div class=\"elementor-widget-container\">\n\t\t\t\t\t\t\t\t\t<p><strong>ATTENTION<\/strong>, les cartes bancaires ne sont pas accept\u00e9es<\/p>\t\t\t\t\t\t\t\t<\/div>\n\t\t\t\t<\/div>\n\t\t\t\t\t<\/div>\n\t\t<\/div>\n\t\t\t\t\t<\/div>\n\t\t<\/section>\n\t\t\t\t<section class=\"elementor-section elementor-inner-section elementor-element elementor-element-2bdd65c elementor-section-boxed elementor-section-height-default elementor-section-height-default\" data-id=\"2bdd65c\" data-element_type=\"section\" data-e-type=\"section\">\n\t\t\t\t\t\t<div class=\"elementor-container elementor-column-gap-default\">\n\t\t\t\t\t<div class=\"elementor-column elementor-col-50 elementor-inner-column elementor-element elementor-element-87c43f3\" data-id=\"87c43f3\" data-element_type=\"column\" data-e-type=\"column\">\n\t\t\t<div class=\"elementor-widget-wrap elementor-element-populated\">\n\t\t\t\t\t\t<div class=\"elementor-element elementor-element-295b0cd elementor-widget elementor-widget-image\" data-id=\"295b0cd\" data-element_type=\"widget\" data-e-type=\"widget\" data-widget_type=\"image.default\">\n\t\t\t\t<div class=\"elementor-widget-container\">\n\t\t\t\t\t\t\t\t\t\t\t\t\t\t\t<img decoding=\"async\" width=\"300\" height=\"98\" src=\"https:\/\/opalaventure.com\/wp-content\/uploads\/2023\/02\/bien-etre-300x98-1.png\" class=\"attachment-medium size-medium wp-image-849\" alt=\"\" srcset=\"https:\/\/opalaventure.com\/wp-content\/uploads\/2023\/02\/bien-etre-300x98-1.png 300w, https:\/\/opalaventure.com\/wp-content\/uploads\/2023\/02\/bien-etre-300x98-1-18x6.png 18w\" sizes=\"(max-width: 300px) 100vw, 300px\" \/>\t\t\t\t\t\t\t\t\t\t\t\t\t\t\t<\/div>\n\t\t\t\t<\/div>\n\t\t\t\t\t<\/div>\n\t\t<\/div>\n\t\t\t\t<div class=\"elementor-column elementor-col-50 elementor-inner-column elementor-element elementor-element-854f3ce\" data-id=\"854f3ce\" data-element_type=\"column\" data-e-type=\"column\">\n\t\t\t<div class=\"elementor-widget-wrap elementor-element-populated\">\n\t\t\t\t\t\t<div class=\"elementor-element elementor-element-c6004c0 elementor-widget elementor-widget-image\" data-id=\"c6004c0\" data-element_type=\"widget\" data-e-type=\"widget\" data-widget_type=\"image.default\">\n\t\t\t\t<div class=\"elementor-widget-container\">\n\t\t\t\t\t\t\t\t\t\t\t\t\t\t\t<img decoding=\"async\" width=\"300\" height=\"225\" src=\"https:\/\/opalaventure.com\/wp-content\/uploads\/2023\/02\/ancv-300x225-1.png\" class=\"attachment-medium size-medium wp-image-848\" alt=\"\" srcset=\"https:\/\/opalaventure.com\/wp-content\/uploads\/2023\/02\/ancv-300x225-1.png 300w, https:\/\/opalaventure.com\/wp-content\/uploads\/2023\/02\/ancv-300x225-1-16x12.png 16w\" sizes=\"(max-width: 300px) 100vw, 300px\" \/>\t\t\t\t\t\t\t\t\t\t\t\t\t\t\t<\/div>\n\t\t\t\t<\/div>\n\t\t\t\t\t<\/div>\n\t\t<\/div>\n\t\t\t\t\t<\/div>\n\t\t<\/section>\n\t\t\t\t\t<\/div>\n\t\t<\/div>\n\t\t\t\t\t<\/div>\n\t\t<\/section>\n\t\t\t\t\t<\/div>\n\t\t<\/div>\n\t\t\t\t\t<\/div>\n\t\t<\/section>\n\t\t\t\t<\/div>","protected":false},"excerpt":{"rendered":"<p>Tarifs &amp; horaires R\u00e9servation obligatoire Aucun paiement en ligne. Le r\u00e8glement se d\u00e9roule sur place en ch\u00e8que \/ esp\u00e8ces \/ ch\u00e8que vacances. Tarifs par parcours ADULTE DECOUVERTE ENFANT BABY 1 personne 26 \u20ac 22 \u20ac 15 \u20ac 7 \u20ac + de 12 personnes 24 euros 21 euros 14 euros Scolaires et encadr\u00e9s Devis sur demande [&hellip;]<\/p>\n","protected":false},"author":2,"featured_media":0,"parent":0,"menu_order":0,"comment_status":"closed","ping_status":"closed","template":"","meta":{"footnotes":""},"class_list":["post-756","page","type-page","status-publish","hentry"],"_links":{"self":[{"href":"https:\/\/opalaventure.com\/en\/wp-json\/wp\/v2\/pages\/756","targetHints":{"allow":["GET"]}}],"collection":[{"href":"https:\/\/opalaventure.com\/en\/wp-json\/wp\/v2\/pages"}],"about":[{"href":"https:\/\/opalaventure.com\/en\/wp-json\/wp\/v2\/types\/page"}],"author":[{"embeddable":true,"href":"https:\/\/opalaventure.com\/en\/wp-json\/wp\/v2\/users\/2"}],"replies":[{"embeddable":true,"href":"https:\/\/opalaventure.com\/en\/wp-json\/wp\/v2\/comments?post=756"}],"version-history":[{"count":187,"href":"https:\/\/opalaventure.com\/en\/wp-json\/wp\/v2\/pages\/756\/revisions"}],"predecessor-version":[{"id":4323,"href":"https:\/\/opalaventure.com\/en\/wp-json\/wp\/v2\/pages\/756\/revisions\/4323"}],"wp:attachment":[{"href":"https:\/\/opalaventure.com\/en\/wp-json\/wp\/v2\/media?parent=756"}],"curies":[{"name":"wp","href":"https:\/\/api.w.org\/{rel}","templated":true}]}}