{"id":639,"date":"2023-02-08T15:30:30","date_gmt":"2023-02-08T14:30:30","guid":{"rendered":"https:\/\/opalaventure.com\/?page_id=639"},"modified":"2026-03-11T09:58:49","modified_gmt":"2026-03-11T08:58:49","slug":"opalaventure-parcours-adulte","status":"publish","type":"page","link":"https:\/\/opalaventure.com\/en\/opalaventure-parcours-adulte\/","title":{"rendered":"Parcours adulte"},"content":{"rendered":"<div data-elementor-type=\"wp-page\" data-elementor-id=\"639\" class=\"elementor elementor-639\" data-elementor-post-type=\"page\">\n\t\t\t\t\t\t<section class=\"elementor-section elementor-top-section elementor-element elementor-element-ecd7ff8 elementor-section-boxed elementor-section-height-default elementor-section-height-default\" data-id=\"ecd7ff8\" data-element_type=\"section\" data-e-type=\"section\" data-settings=\"{&quot;background_background&quot;:&quot;classic&quot;}\">\n\t\t\t\t\t\t<div class=\"elementor-container elementor-column-gap-default\">\n\t\t\t\t\t<div class=\"elementor-column elementor-col-50 elementor-top-column elementor-element elementor-element-113fe0d\" data-id=\"113fe0d\" data-element_type=\"column\" data-e-type=\"column\">\n\t\t\t<div class=\"elementor-widget-wrap elementor-element-populated\">\n\t\t\t\t\t\t<div class=\"elementor-element elementor-element-f3fd6c8 elementor-widget elementor-widget-text-editor\" data-id=\"f3fd6c8\" data-element_type=\"widget\" data-e-type=\"widget\" data-widget_type=\"text-editor.default\">\n\t\t\t\t<div class=\"elementor-widget-container\">\n\t\t\t\t\t\t\t\t\t<p>Parcours adulte<\/p>\t\t\t\t\t\t\t\t<\/div>\n\t\t\t\t<\/div>\n\t\t\t\t<div class=\"elementor-element elementor-element-2ce476a elementor-widget elementor-widget-text-editor\" data-id=\"2ce476a\" data-element_type=\"widget\" data-e-type=\"widget\" data-widget_type=\"text-editor.default\">\n\t\t\t\t<div class=\"elementor-widget-container\">\n\t\t\t\t\t\t\t\t\t<p>La formule \u00ab\u00a0parcours adulte\u00a0\u00bb, accessible quel que soit votre niveau<\/p>\t\t\t\t\t\t\t\t<\/div>\n\t\t\t\t<\/div>\n\t\t\t\t<div class=\"elementor-element elementor-element-490419e elementor-widget elementor-widget-text-editor\" data-id=\"490419e\" data-element_type=\"widget\" data-e-type=\"widget\" data-widget_type=\"text-editor.default\">\n\t\t\t\t<div class=\"elementor-widget-container\">\n\t\t\t\t\t\t\t\t\t<p><strong>80 ateliers uniquement sur r\u00e9servation. <\/strong><\/p><p><strong>Se pr\u00e9senter 10 minutes avant le d\u00e9part !<\/strong><\/p>\t\t\t\t\t\t\t\t<\/div>\n\t\t\t\t<\/div>\n\t\t\t\t<div class=\"elementor-element elementor-element-3ce8715 elementor-widget elementor-widget-button\" data-id=\"3ce8715\" data-element_type=\"widget\" data-e-type=\"widget\" data-widget_type=\"button.default\">\n\t\t\t\t<div class=\"elementor-widget-container\">\n\t\t\t\t\t\t\t\t\t<div class=\"elementor-button-wrapper\">\n\t\t\t\t\t<a class=\"elementor-button elementor-button-link elementor-size-sm\" href=\"https:\/\/opalaventure.com\/en\/tarifs-reservations\/\">\n\t\t\t\t\t\t<span class=\"elementor-button-content-wrapper\">\n\t\t\t\t\t\t\t\t\t<span class=\"elementor-button-text\">R\u00e9server<\/span>\n\t\t\t\t\t<\/span>\n\t\t\t\t\t<\/a>\n\t\t\t\t<\/div>\n\t\t\t\t\t\t\t\t<\/div>\n\t\t\t\t<\/div>\n\t\t\t\t\t<\/div>\n\t\t<\/div>\n\t\t\t\t<div class=\"elementor-column elementor-col-50 elementor-top-column elementor-element elementor-element-1a868b4\" data-id=\"1a868b4\" data-element_type=\"column\" data-e-type=\"column\">\n\t\t\t<div class=\"elementor-widget-wrap elementor-element-populated\">\n\t\t\t\t\t\t<div class=\"elementor-element elementor-element-f11c45a elementor-widget elementor-widget-image\" data-id=\"f11c45a\" data-element_type=\"widget\" data-e-type=\"widget\" data-widget_type=\"image.default\">\n\t\t\t\t<div class=\"elementor-widget-container\">\n\t\t\t\t\t\t\t\t\t\t\t\t\t\t\t<img fetchpriority=\"high\" decoding=\"async\" width=\"768\" height=\"1024\" src=\"https:\/\/opalaventure.com\/wp-content\/uploads\/2026\/02\/IMG_0053-768x1024.jpg\" class=\"attachment-large size-large wp-image-3396\" alt=\"\" srcset=\"https:\/\/opalaventure.com\/wp-content\/uploads\/2026\/02\/IMG_0053-768x1024.jpg 768w, https:\/\/opalaventure.com\/wp-content\/uploads\/2026\/02\/IMG_0053-225x300.webp 225w, https:\/\/opalaventure.com\/wp-content\/uploads\/2026\/02\/IMG_0053-1152x1536.jpg 1152w, https:\/\/opalaventure.com\/wp-content\/uploads\/2026\/02\/IMG_0053-9x12.jpg 9w, https:\/\/opalaventure.com\/wp-content\/uploads\/2026\/02\/IMG_0053.webp 1440w\" sizes=\"(max-width: 768px) 100vw, 768px\" \/>\t\t\t\t\t\t\t\t\t\t\t\t\t\t\t<\/div>\n\t\t\t\t<\/div>\n\t\t\t\t\t<\/div>\n\t\t<\/div>\n\t\t\t\t\t<\/div>\n\t\t<\/section>\n\t\t\t\t<section class=\"elementor-section elementor-top-section elementor-element elementor-element-4195292 elementor-section-boxed elementor-section-height-default elementor-section-height-default\" data-id=\"4195292\" data-element_type=\"section\" data-e-type=\"section\" data-settings=\"{&quot;background_background&quot;:&quot;classic&quot;}\">\n\t\t\t\t\t\t<div class=\"elementor-container elementor-column-gap-default\">\n\t\t\t\t\t<div class=\"elementor-column elementor-col-100 elementor-top-column elementor-element elementor-element-359b6bc\" data-id=\"359b6bc\" data-element_type=\"column\" data-e-type=\"column\">\n\t\t\t<div class=\"elementor-widget-wrap elementor-element-populated\">\n\t\t\t\t\t\t<div class=\"elementor-element elementor-element-d8cf784 elementor-widget-divider--separator-type-pattern elementor-widget-divider--no-spacing elementor-widget-divider--view-line elementor-widget elementor-widget-divider\" data-id=\"d8cf784\" data-element_type=\"widget\" data-e-type=\"widget\" data-widget_type=\"divider.default\">\n\t\t\t\t<div class=\"elementor-widget-container\">\n\t\t\t\t\t\t\t<div class=\"elementor-divider\" style=\"--divider-pattern-url: url(&quot;data:image\/svg+xml,%3Csvg xmlns=&#039;http:\/\/www.w3.org\/2000\/svg&#039; preserveAspectRatio=&#039;xMidYMid meet&#039; overflow=&#039;visible&#039; height=&#039;100%&#039; viewBox=&#039;0 0 120 26&#039; fill=&#039;black&#039; stroke=&#039;none&#039;%3E%3Cpolygon points=&#039;0,14.4 0,21 11.5,12.4 21.3,20 30.4,11.1 40.3,20 51,12.4 60.6,20 69.6,11.1 79.3,20 90.1,12.4 99.6,20 109.7,11.1 120,21 120,14.4 109.7,5 99.6,13 90.1,5 79.3,14.5 71,5.7 60.6,12.4 51,5 40.3,14.5 31.1,5 21.3,13 11.5,5 \t&#039;\/%3E%3C\/svg%3E&quot;);\">\n\t\t\t<span class=\"elementor-divider-separator\">\n\t\t\t\t\t\t<\/span>\n\t\t<\/div>\n\t\t\t\t\t\t<\/div>\n\t\t\t\t<\/div>\n\t\t\t\t<div class=\"elementor-element elementor-element-7e324e2 elementor-widget elementor-widget-text-editor\" data-id=\"7e324e2\" data-element_type=\"widget\" data-e-type=\"widget\" data-widget_type=\"text-editor.default\">\n\t\t\t\t<div class=\"elementor-widget-container\">\n\t\t\t\t\t\t\t\t\t<p>La formule adulte comprend <strong>7 parcours de niveaux progressifs<\/strong>, du plus facile au plus difficile, comme pour les pistes de ski (orange, vert, bleu, rouge &amp; noir). L&rsquo;ensemble des parcours sont \u00e9quip\u00e9s d&rsquo;une ligne de vie continue pour une s\u00e9curit\u00e9 optimale.<br \/>Vous avez l\u2019<strong>acc\u00e8s aux 7 parcours<\/strong>, nul besoin de choisir. <strong>Les pistes sont ind\u00e9pendantes<\/strong>, il est donc possible de s\u2019arr\u00eater \u00e0 la fin de chaque de parcours.\u00a0<\/p>\t\t\t\t\t\t\t\t<\/div>\n\t\t\t\t<\/div>\n\t\t\t\t<div class=\"elementor-element elementor-element-39eb9e4 elementor-widget-divider--separator-type-pattern elementor-widget-divider--no-spacing elementor-widget-divider--view-line elementor-widget elementor-widget-divider\" data-id=\"39eb9e4\" data-element_type=\"widget\" data-e-type=\"widget\" data-widget_type=\"divider.default\">\n\t\t\t\t<div class=\"elementor-widget-container\">\n\t\t\t\t\t\t\t<div class=\"elementor-divider\" style=\"--divider-pattern-url: url(&quot;data:image\/svg+xml,%3Csvg xmlns=&#039;http:\/\/www.w3.org\/2000\/svg&#039; preserveAspectRatio=&#039;xMidYMid meet&#039; overflow=&#039;visible&#039; height=&#039;100%&#039; viewBox=&#039;0 0 120 26&#039; fill=&#039;black&#039; stroke=&#039;none&#039;%3E%3Cpolygon points=&#039;0,14.4 0,21 11.5,12.4 21.3,20 30.4,11.1 40.3,20 51,12.4 60.6,20 69.6,11.1 79.3,20 90.1,12.4 99.6,20 109.7,11.1 120,21 120,14.4 109.7,5 99.6,13 90.1,5 79.3,14.5 71,5.7 60.6,12.4 51,5 40.3,14.5 31.1,5 21.3,13 11.5,5 \t&#039;\/%3E%3C\/svg%3E&quot;);\">\n\t\t\t<span class=\"elementor-divider-separator\">\n\t\t\t\t\t\t<\/span>\n\t\t<\/div>\n\t\t\t\t\t\t<\/div>\n\t\t\t\t<\/div>\n\t\t\t\t<div class=\"elementor-element elementor-element-cb378db elementor-widget elementor-widget-text-editor\" data-id=\"cb378db\" data-element_type=\"widget\" data-e-type=\"widget\" data-widget_type=\"text-editor.default\">\n\t\t\t\t<div class=\"elementor-widget-container\">\n\t\t\t\t\t\t\t\t\t<p>Comment mes 3 heures d\u2019activit\u00e9s vont s\u2019organiser ?<\/p>\t\t\t\t\t\t\t\t<\/div>\n\t\t\t\t<\/div>\n\t\t\t\t<div class=\"elementor-element elementor-element-f770605 elementor-widget elementor-widget-text-editor\" data-id=\"f770605\" data-element_type=\"widget\" data-e-type=\"widget\" data-widget_type=\"text-editor.default\">\n\t\t\t\t<div class=\"elementor-widget-container\">\n\t\t\t\t\t\t\t\t\t<p>Vous \u00e9voluerez entre 4 et 14 m\u00e8tres de hauteur, sur des parcours accessibles \u00e0 tous.<\/p><p><strong>1\u00e8re \u00c9tape : L&rsquo;\u00e9quipement<\/strong><br \/>Un op\u00e9rateur vous \u00e9quipe d\u2019un baudrier qui assurera votre s\u00e9curit\u00e9 durant toute l\u2019activit\u00e9 (EPI).<\/p><p><strong>2\u00e8me \u00c9tape : Le parcours briefing<\/strong><br \/>Etape obligatoire, l\u2019op\u00e9rateur Opalaventure proc\u00e8de \u00e0 une initiation sur un parcours \u00e0 1 m\u00e8tre du sol.<br \/>Prise en main du mat\u00e9riel, r\u00e8gles de s\u00e9curit\u00e9, conseils pratiques, tout vous sera d\u00e9taill\u00e9 !<\/p><p><strong>3\u00e8me \u00c9tape : Place \u00e0 l&rsquo;aventure <\/strong><\/p><p><i><b>\u2295 Parcours Orange :<\/b><\/i> parcours facile de 8 ateliers qui vous permet de vous familiariser avec la hauteur et le mat\u00e9riel<\/p><p><i><strong>\u2295 Parcours Vert (x2):<\/strong><\/i> Deux parcours d\u00e9butants de 11 ateliers vari\u00e9s accessibles \u00e0 tous.<\/p><p><i><strong>\u2295 Parcours Bleu (x2): <\/strong><\/i>Deux parcours interm\u00e9diaires de 13 ateliers et 12 ateliers originaux avec une fin de parcours \u00e0 10 m\u00e8tres du sol ! Sur un des parcours au choix &#8211; l&rsquo;iconique v\u00e9lo suspendu vous assure une bonne dose d\u2019adr\u00e9naline !<\/p><p><i><strong>\u2295 Parcours Rouge :<\/strong><\/i> Parcours pour confirm\u00e9s et sportifs compos\u00e9 de 17 ateliers. Luge volante, \u00e9quilibriste et autres balan\u00e7oires \u00e0 vagues feront travailler votre \u00e9quilibre!<\/p><p><i><strong>\u2295 Parcours Noir :<\/strong><\/i> Parcours pour les plus sportifs d&rsquo;entre vous, compos\u00e9 de 22 ateliers.\u00a0 Saut de tarzan de 20 m\u00e8tres, \u00e9triers suspendus, ateliers instables vont mettre votre corps \u00e0 rude \u00e9preuve !<\/p>\t\t\t\t\t\t\t\t<\/div>\n\t\t\t\t<\/div>\n\t\t\t\t<div class=\"elementor-element elementor-element-66af9b6 elementor-widget-divider--separator-type-pattern elementor-widget-divider--no-spacing elementor-widget-divider--view-line elementor-widget elementor-widget-divider\" data-id=\"66af9b6\" data-element_type=\"widget\" data-e-type=\"widget\" data-widget_type=\"divider.default\">\n\t\t\t\t<div class=\"elementor-widget-container\">\n\t\t\t\t\t\t\t<div class=\"elementor-divider\" style=\"--divider-pattern-url: url(&quot;data:image\/svg+xml,%3Csvg xmlns=&#039;http:\/\/www.w3.org\/2000\/svg&#039; preserveAspectRatio=&#039;xMidYMid meet&#039; overflow=&#039;visible&#039; height=&#039;100%&#039; viewBox=&#039;0 0 120 26&#039; fill=&#039;black&#039; stroke=&#039;none&#039;%3E%3Cpolygon points=&#039;0,14.4 0,21 11.5,12.4 21.3,20 30.4,11.1 40.3,20 51,12.4 60.6,20 69.6,11.1 79.3,20 90.1,12.4 99.6,20 109.7,11.1 120,21 120,14.4 109.7,5 99.6,13 90.1,5 79.3,14.5 71,5.7 60.6,12.4 51,5 40.3,14.5 31.1,5 21.3,13 11.5,5 \t&#039;\/%3E%3C\/svg%3E&quot;);\">\n\t\t\t<span class=\"elementor-divider-separator\">\n\t\t\t\t\t\t<\/span>\n\t\t<\/div>\n\t\t\t\t\t\t<\/div>\n\t\t\t\t<\/div>\n\t\t\t\t<div class=\"elementor-element elementor-element-1792ceb elementor-widget elementor-widget-text-editor\" data-id=\"1792ceb\" data-element_type=\"widget\" data-e-type=\"widget\" data-widget_type=\"text-editor.default\">\n\t\t\t\t<div class=\"elementor-widget-container\">\n\t\t\t\t\t\t\t\t\t<p>Des ateliers diversifi\u00e9s et tr\u00e8s originaux !<\/p>\t\t\t\t\t\t\t\t<\/div>\n\t\t\t\t<\/div>\n\t\t\t\t<div class=\"elementor-element elementor-element-631c74c elementor-widget elementor-widget-text-editor\" data-id=\"631c74c\" data-element_type=\"widget\" data-e-type=\"widget\" data-widget_type=\"text-editor.default\">\n\t\t\t\t<div class=\"elementor-widget-container\">\n\t\t\t\t\t\t\t\t\t<p>Toujours les m\u00eames ateliers, longs et ennuyeux ? Pas dans votre parc Opalaventure, au grand jamais ! Nous avons fait marcher notre imagination sans limite : nous privil\u00e9gions des ateliers plus courts, et tous diff\u00e9rents les uns des autres pour une \u00e9clate garantie !<\/p><p>500 m\u00e8tres de tyroliennes cumul\u00e9s, 1 saut de tarzan, un v\u00e9lo suspendu, une luge volante, et pleins d\u2019autres ateliers con\u00e7us juste pour vous.<\/p><p>Sans oublier, le mur d&rsquo;escalade outdoor que vous pouvez tenter \u00e0 n&rsquo;importe quel moment de votre session.<\/p>\t\t\t\t\t\t\t\t<\/div>\n\t\t\t\t<\/div>\n\t\t\t\t\t<\/div>\n\t\t<\/div>\n\t\t\t\t\t<\/div>\n\t\t<\/section>\n\t\t\t\t<section class=\"elementor-section elementor-top-section elementor-element elementor-element-c11a3f4 elementor-section-boxed elementor-section-height-default elementor-section-height-default\" data-id=\"c11a3f4\" data-element_type=\"section\" data-e-type=\"section\" data-settings=\"{&quot;background_background&quot;:&quot;classic&quot;}\">\n\t\t\t\t\t\t<div class=\"elementor-container elementor-column-gap-default\">\n\t\t\t\t\t<div class=\"elementor-column elementor-col-25 elementor-top-column elementor-element elementor-element-141df88\" data-id=\"141df88\" data-element_type=\"column\" data-e-type=\"column\">\n\t\t\t<div class=\"elementor-widget-wrap elementor-element-populated\">\n\t\t\t\t\t\t<div class=\"elementor-element elementor-element-29d560f elementor-widget elementor-widget-image\" data-id=\"29d560f\" data-element_type=\"widget\" data-e-type=\"widget\" data-widget_type=\"image.default\">\n\t\t\t\t<div class=\"elementor-widget-container\">\n\t\t\t\t\t\t\t\t\t\t\t\t\t\t\t<img decoding=\"async\" width=\"600\" height=\"600\" src=\"https:\/\/opalaventure.com\/wp-content\/uploads\/2023\/02\/OPALA-AGE-10-2.png\" class=\"attachment-large size-large wp-image-644\" alt=\"\" srcset=\"https:\/\/opalaventure.com\/wp-content\/uploads\/2023\/02\/OPALA-AGE-10-2.png 600w, https:\/\/opalaventure.com\/wp-content\/uploads\/2023\/02\/OPALA-AGE-10-2-300x300.png 300w, https:\/\/opalaventure.com\/wp-content\/uploads\/2023\/02\/OPALA-AGE-10-2-150x150.png 150w, https:\/\/opalaventure.com\/wp-content\/uploads\/2023\/02\/OPALA-AGE-10-2-12x12.png 12w\" sizes=\"(max-width: 600px) 100vw, 600px\" \/>\t\t\t\t\t\t\t\t\t\t\t\t\t\t\t<\/div>\n\t\t\t\t<\/div>\n\t\t\t\t<div class=\"elementor-element elementor-element-782d970 elementor-widget elementor-widget-text-editor\" data-id=\"782d970\" data-element_type=\"widget\" data-e-type=\"widget\" data-widget_type=\"text-editor.default\">\n\t\t\t\t<div class=\"elementor-widget-container\">\n\t\t\t\t\t\t\t\t\t<p>\u00c2ges requis<\/p>\t\t\t\t\t\t\t\t<\/div>\n\t\t\t\t<\/div>\n\t\t\t\t<div class=\"elementor-element elementor-element-e2afe74 elementor-widget elementor-widget-text-editor\" data-id=\"e2afe74\" data-element_type=\"widget\" data-e-type=\"widget\" data-widget_type=\"text-editor.default\">\n\t\t\t\t<div class=\"elementor-widget-container\">\n\t\t\t\t\t\t\t\t\t<p>10 ans (1m40)<\/p>\t\t\t\t\t\t\t\t<\/div>\n\t\t\t\t<\/div>\n\t\t\t\t\t<\/div>\n\t\t<\/div>\n\t\t\t\t<div class=\"elementor-column elementor-col-25 elementor-top-column elementor-element elementor-element-7330870\" data-id=\"7330870\" data-element_type=\"column\" data-e-type=\"column\">\n\t\t\t<div class=\"elementor-widget-wrap elementor-element-populated\">\n\t\t\t\t\t\t<div class=\"elementor-element elementor-element-d9f194a elementor-widget elementor-widget-image\" data-id=\"d9f194a\" data-element_type=\"widget\" data-e-type=\"widget\" data-widget_type=\"image.default\">\n\t\t\t\t<div class=\"elementor-widget-container\">\n\t\t\t\t\t\t\t\t\t\t\t\t\t\t\t<img decoding=\"async\" width=\"600\" height=\"600\" src=\"https:\/\/opalaventure.com\/wp-content\/uploads\/2023\/02\/OPALA-DUREE.png\" class=\"attachment-large size-large wp-image-546\" alt=\"\" srcset=\"https:\/\/opalaventure.com\/wp-content\/uploads\/2023\/02\/OPALA-DUREE.png 600w, https:\/\/opalaventure.com\/wp-content\/uploads\/2023\/02\/OPALA-DUREE-300x300.png 300w, https:\/\/opalaventure.com\/wp-content\/uploads\/2023\/02\/OPALA-DUREE-150x150.png 150w, https:\/\/opalaventure.com\/wp-content\/uploads\/2023\/02\/OPALA-DUREE-12x12.png 12w\" sizes=\"(max-width: 600px) 100vw, 600px\" \/>\t\t\t\t\t\t\t\t\t\t\t\t\t\t\t<\/div>\n\t\t\t\t<\/div>\n\t\t\t\t<div class=\"elementor-element elementor-element-6e7e6a1 elementor-widget elementor-widget-text-editor\" data-id=\"6e7e6a1\" data-element_type=\"widget\" data-e-type=\"widget\" data-widget_type=\"text-editor.default\">\n\t\t\t\t<div class=\"elementor-widget-container\">\n\t\t\t\t\t\t\t\t\t<p>Temps estim\u00e9<\/p>\t\t\t\t\t\t\t\t<\/div>\n\t\t\t\t<\/div>\n\t\t\t\t<div class=\"elementor-element elementor-element-e8a4c68 elementor-widget elementor-widget-text-editor\" data-id=\"e8a4c68\" data-element_type=\"widget\" data-e-type=\"widget\" data-widget_type=\"text-editor.default\">\n\t\t\t\t<div class=\"elementor-widget-container\">\n\t\t\t\t\t\t\t\t\t<p>Entre 2 et 3h<\/p>\t\t\t\t\t\t\t\t<\/div>\n\t\t\t\t<\/div>\n\t\t\t\t\t<\/div>\n\t\t<\/div>\n\t\t\t\t<div class=\"elementor-column elementor-col-25 elementor-top-column elementor-element elementor-element-080468a\" data-id=\"080468a\" data-element_type=\"column\" data-e-type=\"column\">\n\t\t\t<div class=\"elementor-widget-wrap elementor-element-populated\">\n\t\t\t\t\t\t<div class=\"elementor-element elementor-element-1bf46af elementor-widget elementor-widget-image\" data-id=\"1bf46af\" data-element_type=\"widget\" data-e-type=\"widget\" data-widget_type=\"image.default\">\n\t\t\t\t<div class=\"elementor-widget-container\">\n\t\t\t\t\t\t\t\t\t\t\t\t\t\t\t<img loading=\"lazy\" decoding=\"async\" width=\"600\" height=\"600\" src=\"https:\/\/opalaventure.com\/wp-content\/uploads\/2023\/02\/OPALA-ALTI.png\" class=\"attachment-large size-large wp-image-542\" alt=\"\" srcset=\"https:\/\/opalaventure.com\/wp-content\/uploads\/2023\/02\/OPALA-ALTI.png 600w, https:\/\/opalaventure.com\/wp-content\/uploads\/2023\/02\/OPALA-ALTI-300x300.png 300w, https:\/\/opalaventure.com\/wp-content\/uploads\/2023\/02\/OPALA-ALTI-150x150.png 150w, https:\/\/opalaventure.com\/wp-content\/uploads\/2023\/02\/OPALA-ALTI-12x12.png 12w\" sizes=\"(max-width: 600px) 100vw, 600px\" \/>\t\t\t\t\t\t\t\t\t\t\t\t\t\t\t<\/div>\n\t\t\t\t<\/div>\n\t\t\t\t<div class=\"elementor-element elementor-element-85fc23c elementor-widget elementor-widget-text-editor\" data-id=\"85fc23c\" data-element_type=\"widget\" data-e-type=\"widget\" data-widget_type=\"text-editor.default\">\n\t\t\t\t<div class=\"elementor-widget-container\">\n\t\t\t\t\t\t\t\t\t<p>Altitude<\/p>\t\t\t\t\t\t\t\t<\/div>\n\t\t\t\t<\/div>\n\t\t\t\t<div class=\"elementor-element elementor-element-3c5d7b2 elementor-widget elementor-widget-text-editor\" data-id=\"3c5d7b2\" data-element_type=\"widget\" data-e-type=\"widget\" data-widget_type=\"text-editor.default\">\n\t\t\t\t<div class=\"elementor-widget-container\">\n\t\t\t\t\t\t\t\t\t<p>4 \u00e0 14 m\u00e8tres<\/p>\t\t\t\t\t\t\t\t<\/div>\n\t\t\t\t<\/div>\n\t\t\t\t\t<\/div>\n\t\t<\/div>\n\t\t\t\t<div class=\"elementor-column elementor-col-25 elementor-top-column elementor-element elementor-element-5bfde80\" data-id=\"5bfde80\" data-element_type=\"column\" data-e-type=\"column\">\n\t\t\t<div class=\"elementor-widget-wrap elementor-element-populated\">\n\t\t\t\t\t\t<div class=\"elementor-element elementor-element-694e577 elementor-widget elementor-widget-image\" data-id=\"694e577\" data-element_type=\"widget\" data-e-type=\"widget\" data-widget_type=\"image.default\">\n\t\t\t\t<div class=\"elementor-widget-container\">\n\t\t\t\t\t\t\t\t\t\t\t\t\t\t\t<img loading=\"lazy\" decoding=\"async\" width=\"600\" height=\"600\" src=\"https:\/\/opalaventure.com\/wp-content\/uploads\/2023\/02\/OPALA-BAS-ACTI.png\" class=\"attachment-large size-large wp-image-545\" alt=\"\" srcset=\"https:\/\/opalaventure.com\/wp-content\/uploads\/2023\/02\/OPALA-BAS-ACTI.png 600w, https:\/\/opalaventure.com\/wp-content\/uploads\/2023\/02\/OPALA-BAS-ACTI-300x300.png 300w, https:\/\/opalaventure.com\/wp-content\/uploads\/2023\/02\/OPALA-BAS-ACTI-150x150.png 150w, https:\/\/opalaventure.com\/wp-content\/uploads\/2023\/02\/OPALA-BAS-ACTI-12x12.png 12w\" sizes=\"(max-width: 600px) 100vw, 600px\" \/>\t\t\t\t\t\t\t\t\t\t\t\t\t\t\t<\/div>\n\t\t\t\t<\/div>\n\t\t\t\t<div class=\"elementor-element elementor-element-4e89853 elementor-widget elementor-widget-text-editor\" data-id=\"4e89853\" data-element_type=\"widget\" data-e-type=\"widget\" data-widget_type=\"text-editor.default\">\n\t\t\t\t<div class=\"elementor-widget-container\">\n\t\t\t\t\t\t\t\t\t<p>Tenue sportive<\/p>\t\t\t\t\t\t\t\t<\/div>\n\t\t\t\t<\/div>\n\t\t\t\t<div class=\"elementor-element elementor-element-ed61a1e elementor-widget elementor-widget-text-editor\" data-id=\"ed61a1e\" data-element_type=\"widget\" data-e-type=\"widget\" data-widget_type=\"text-editor.default\">\n\t\t\t\t<div class=\"elementor-widget-container\">\n\t\t\t\t\t\t\t\t\t<p>Baskets &amp; cheveux li\u00e9s<\/p>\t\t\t\t\t\t\t\t<\/div>\n\t\t\t\t<\/div>\n\t\t\t\t\t<\/div>\n\t\t<\/div>\n\t\t\t\t\t<\/div>\n\t\t<\/section>\n\t\t\t\t<\/div>","protected":false},"excerpt":{"rendered":"<p>Parcours adulte La formule \u00ab\u00a0parcours adulte\u00a0\u00bb, accessible quel que soit votre niveau 80 ateliers uniquement sur r\u00e9servation. Se pr\u00e9senter 10 minutes avant le d\u00e9part ! R\u00e9server La formule adulte comprend 7 parcours de niveaux progressifs, du plus facile au plus difficile, comme pour les pistes de ski (orange, vert, bleu, rouge &amp; noir). L&rsquo;ensemble des [&hellip;]<\/p>\n","protected":false},"author":1,"featured_media":0,"parent":0,"menu_order":0,"comment_status":"closed","ping_status":"closed","template":"","meta":{"footnotes":""},"class_list":["post-639","page","type-page","status-publish","hentry"],"_links":{"self":[{"href":"https:\/\/opalaventure.com\/en\/wp-json\/wp\/v2\/pages\/639","targetHints":{"allow":["GET"]}}],"collection":[{"href":"https:\/\/opalaventure.com\/en\/wp-json\/wp\/v2\/pages"}],"about":[{"href":"https:\/\/opalaventure.com\/en\/wp-json\/wp\/v2\/types\/page"}],"author":[{"embeddable":true,"href":"https:\/\/opalaventure.com\/en\/wp-json\/wp\/v2\/users\/1"}],"replies":[{"embeddable":true,"href":"https:\/\/opalaventure.com\/en\/wp-json\/wp\/v2\/comments?post=639"}],"version-history":[{"count":93,"href":"https:\/\/opalaventure.com\/en\/wp-json\/wp\/v2\/pages\/639\/revisions"}],"predecessor-version":[{"id":4415,"href":"https:\/\/opalaventure.com\/en\/wp-json\/wp\/v2\/pages\/639\/revisions\/4415"}],"wp:attachment":[{"href":"https:\/\/opalaventure.com\/en\/wp-json\/wp\/v2\/media?parent=639"}],"curies":[{"name":"wp","href":"https:\/\/api.w.org\/{rel}","templated":true}]}}