{"id":616,"date":"2023-02-08T13:39:36","date_gmt":"2023-02-08T12:39:36","guid":{"rendered":"https:\/\/opalaventure.com\/?page_id=616"},"modified":"2026-03-11T10:00:12","modified_gmt":"2026-03-11T09:00:12","slug":"opalaventure-parcours-decouverte","status":"publish","type":"page","link":"https:\/\/opalaventure.com\/en\/opalaventure-parcours-decouverte\/","title":{"rendered":"Parcours d\u00e9couverte"},"content":{"rendered":"<div data-elementor-type=\"wp-page\" data-elementor-id=\"616\" class=\"elementor elementor-616\" data-elementor-post-type=\"page\">\n\t\t\t\t\t\t<section class=\"elementor-section elementor-top-section elementor-element elementor-element-8781007 elementor-section-boxed elementor-section-height-default elementor-section-height-default\" data-id=\"8781007\" data-element_type=\"section\" data-e-type=\"section\" data-settings=\"{&quot;background_background&quot;:&quot;classic&quot;}\">\n\t\t\t\t\t\t<div class=\"elementor-container elementor-column-gap-default\">\n\t\t\t\t\t<div class=\"elementor-column elementor-col-50 elementor-top-column elementor-element elementor-element-95b9e7e\" data-id=\"95b9e7e\" data-element_type=\"column\" data-e-type=\"column\">\n\t\t\t<div class=\"elementor-widget-wrap elementor-element-populated\">\n\t\t\t\t\t\t<div class=\"elementor-element elementor-element-ff02545 elementor-widget elementor-widget-text-editor\" data-id=\"ff02545\" data-element_type=\"widget\" data-e-type=\"widget\" data-widget_type=\"text-editor.default\">\n\t\t\t\t<div class=\"elementor-widget-container\">\n\t\t\t\t\t\t\t\t\t<p>Parcours d\u00e9couverte<\/p>\t\t\t\t\t\t\t\t<\/div>\n\t\t\t\t<\/div>\n\t\t\t\t<div class=\"elementor-element elementor-element-61ff91d elementor-widget elementor-widget-text-editor\" data-id=\"61ff91d\" data-element_type=\"widget\" data-e-type=\"widget\" data-widget_type=\"text-editor.default\">\n\t\t\t\t<div class=\"elementor-widget-container\">\n\t\t\t\t\t\t\t\t\t<p>La formule \u00ab\u00a0d\u00e9couverte\u00a0\u00bb, un parcours familial 100% s\u00e9curis\u00e9, accessible d\u00e8s 9 ans<\/p>\t\t\t\t\t\t\t\t<\/div>\n\t\t\t\t<\/div>\n\t\t\t\t<div class=\"elementor-element elementor-element-52997c3 elementor-widget elementor-widget-text-editor\" data-id=\"52997c3\" data-element_type=\"widget\" data-e-type=\"widget\" data-widget_type=\"text-editor.default\">\n\t\t\t\t<div class=\"elementor-widget-container\">\n\t\t\t\t\t\t\t\t\t<p><strong>45 ateliers uniquement sur r\u00e9servation. <\/strong><\/p><p><strong>Se pr\u00e9senter 10 minutes avant le d\u00e9part !<\/strong><\/p>\t\t\t\t\t\t\t\t<\/div>\n\t\t\t\t<\/div>\n\t\t\t\t<div class=\"elementor-element elementor-element-10bca0b elementor-widget elementor-widget-button\" data-id=\"10bca0b\" data-element_type=\"widget\" data-e-type=\"widget\" data-widget_type=\"button.default\">\n\t\t\t\t<div class=\"elementor-widget-container\">\n\t\t\t\t\t\t\t\t\t<div class=\"elementor-button-wrapper\">\n\t\t\t\t\t<a class=\"elementor-button elementor-button-link elementor-size-sm\" href=\"https:\/\/opalaventure.com\/en\/tarifs-reservations\/\">\n\t\t\t\t\t\t<span class=\"elementor-button-content-wrapper\">\n\t\t\t\t\t\t\t\t\t<span class=\"elementor-button-text\">R\u00e9server<\/span>\n\t\t\t\t\t<\/span>\n\t\t\t\t\t<\/a>\n\t\t\t\t<\/div>\n\t\t\t\t\t\t\t\t<\/div>\n\t\t\t\t<\/div>\n\t\t\t\t\t<\/div>\n\t\t<\/div>\n\t\t\t\t<div class=\"elementor-column elementor-col-50 elementor-top-column elementor-element elementor-element-15530b1\" data-id=\"15530b1\" data-element_type=\"column\" data-e-type=\"column\">\n\t\t\t<div class=\"elementor-widget-wrap elementor-element-populated\">\n\t\t\t\t\t\t<div class=\"elementor-element elementor-element-3b1f6ad elementor-widget elementor-widget-image\" data-id=\"3b1f6ad\" data-element_type=\"widget\" data-e-type=\"widget\" data-widget_type=\"image.default\">\n\t\t\t\t<div class=\"elementor-widget-container\">\n\t\t\t\t\t\t\t\t\t\t\t\t\t\t\t<img fetchpriority=\"high\" decoding=\"async\" width=\"800\" height=\"448\" src=\"https:\/\/opalaventure.com\/wp-content\/uploads\/2023\/02\/enfant6.jpg\" class=\"attachment-large size-large wp-image-555\" alt=\"\" srcset=\"https:\/\/opalaventure.com\/wp-content\/uploads\/2023\/02\/enfant6.jpg 920w, https:\/\/opalaventure.com\/wp-content\/uploads\/2023\/02\/enfant6-300x168.jpg 300w, https:\/\/opalaventure.com\/wp-content\/uploads\/2023\/02\/enfant6-768x430.jpg 768w, https:\/\/opalaventure.com\/wp-content\/uploads\/2023\/02\/enfant6-18x10.jpg 18w\" sizes=\"(max-width: 800px) 100vw, 800px\" \/>\t\t\t\t\t\t\t\t\t\t\t\t\t\t\t<\/div>\n\t\t\t\t<\/div>\n\t\t\t\t\t<\/div>\n\t\t<\/div>\n\t\t\t\t\t<\/div>\n\t\t<\/section>\n\t\t\t\t<section class=\"elementor-section elementor-top-section elementor-element elementor-element-e301796 elementor-section-boxed elementor-section-height-default elementor-section-height-default\" data-id=\"e301796\" data-element_type=\"section\" data-e-type=\"section\" data-settings=\"{&quot;background_background&quot;:&quot;classic&quot;}\">\n\t\t\t\t\t\t<div class=\"elementor-container elementor-column-gap-default\">\n\t\t\t\t\t<div class=\"elementor-column elementor-col-25 elementor-top-column elementor-element elementor-element-bb4fbc0\" data-id=\"bb4fbc0\" data-element_type=\"column\" data-e-type=\"column\">\n\t\t\t<div class=\"elementor-widget-wrap elementor-element-populated\">\n\t\t\t\t\t\t<div class=\"elementor-element elementor-element-ce3e0b5 elementor-widget elementor-widget-image\" data-id=\"ce3e0b5\" data-element_type=\"widget\" data-e-type=\"widget\" data-widget_type=\"image.default\">\n\t\t\t\t<div class=\"elementor-widget-container\">\n\t\t\t\t\t\t\t\t\t\t\t\t\t\t\t<img decoding=\"async\" width=\"600\" height=\"600\" src=\"https:\/\/opalaventure.com\/wp-content\/uploads\/2023\/02\/OPALA-AGE-9.png\" class=\"attachment-large size-large wp-image-539\" alt=\"\" srcset=\"https:\/\/opalaventure.com\/wp-content\/uploads\/2023\/02\/OPALA-AGE-9.png 600w, https:\/\/opalaventure.com\/wp-content\/uploads\/2023\/02\/OPALA-AGE-9-300x300.png 300w, https:\/\/opalaventure.com\/wp-content\/uploads\/2023\/02\/OPALA-AGE-9-150x150.png 150w, https:\/\/opalaventure.com\/wp-content\/uploads\/2023\/02\/OPALA-AGE-9-12x12.png 12w\" sizes=\"(max-width: 600px) 100vw, 600px\" \/>\t\t\t\t\t\t\t\t\t\t\t\t\t\t\t<\/div>\n\t\t\t\t<\/div>\n\t\t\t\t<div class=\"elementor-element elementor-element-bd64f94 elementor-widget elementor-widget-text-editor\" data-id=\"bd64f94\" data-element_type=\"widget\" data-e-type=\"widget\" data-widget_type=\"text-editor.default\">\n\t\t\t\t<div class=\"elementor-widget-container\">\n\t\t\t\t\t\t\t\t\t<p>\u00c2ges requis<\/p>\t\t\t\t\t\t\t\t<\/div>\n\t\t\t\t<\/div>\n\t\t\t\t<div class=\"elementor-element elementor-element-45a4419 elementor-widget elementor-widget-text-editor\" data-id=\"45a4419\" data-element_type=\"widget\" data-e-type=\"widget\" data-widget_type=\"text-editor.default\">\n\t\t\t\t<div class=\"elementor-widget-container\">\n\t\t\t\t\t\t\t\t\t<p>9 ans (1m20)<\/p>\t\t\t\t\t\t\t\t<\/div>\n\t\t\t\t<\/div>\n\t\t\t\t\t<\/div>\n\t\t<\/div>\n\t\t\t\t<div class=\"elementor-column elementor-col-25 elementor-top-column elementor-element elementor-element-682927e\" data-id=\"682927e\" data-element_type=\"column\" data-e-type=\"column\">\n\t\t\t<div class=\"elementor-widget-wrap elementor-element-populated\">\n\t\t\t\t\t\t<div class=\"elementor-element elementor-element-d883c0a elementor-widget elementor-widget-image\" data-id=\"d883c0a\" data-element_type=\"widget\" data-e-type=\"widget\" data-widget_type=\"image.default\">\n\t\t\t\t<div class=\"elementor-widget-container\">\n\t\t\t\t\t\t\t\t\t\t\t\t\t\t\t<img decoding=\"async\" width=\"600\" height=\"600\" src=\"https:\/\/opalaventure.com\/wp-content\/uploads\/2023\/02\/OPALA-ALTI.png\" class=\"attachment-large size-large wp-image-542\" alt=\"\" srcset=\"https:\/\/opalaventure.com\/wp-content\/uploads\/2023\/02\/OPALA-ALTI.png 600w, https:\/\/opalaventure.com\/wp-content\/uploads\/2023\/02\/OPALA-ALTI-300x300.png 300w, https:\/\/opalaventure.com\/wp-content\/uploads\/2023\/02\/OPALA-ALTI-150x150.png 150w, https:\/\/opalaventure.com\/wp-content\/uploads\/2023\/02\/OPALA-ALTI-12x12.png 12w\" sizes=\"(max-width: 600px) 100vw, 600px\" \/>\t\t\t\t\t\t\t\t\t\t\t\t\t\t\t<\/div>\n\t\t\t\t<\/div>\n\t\t\t\t<div class=\"elementor-element elementor-element-452dfbc elementor-widget elementor-widget-text-editor\" data-id=\"452dfbc\" data-element_type=\"widget\" data-e-type=\"widget\" data-widget_type=\"text-editor.default\">\n\t\t\t\t<div class=\"elementor-widget-container\">\n\t\t\t\t\t\t\t\t\t<p>Altitude<\/p>\t\t\t\t\t\t\t\t<\/div>\n\t\t\t\t<\/div>\n\t\t\t\t<div class=\"elementor-element elementor-element-f2f3d5e elementor-widget elementor-widget-text-editor\" data-id=\"f2f3d5e\" data-element_type=\"widget\" data-e-type=\"widget\" data-widget_type=\"text-editor.default\">\n\t\t\t\t<div class=\"elementor-widget-container\">\n\t\t\t\t\t\t\t\t\t<p>2 \u00e0 8 m\u00e8tres<\/p>\t\t\t\t\t\t\t\t<\/div>\n\t\t\t\t<\/div>\n\t\t\t\t\t<\/div>\n\t\t<\/div>\n\t\t\t\t<div class=\"elementor-column elementor-col-25 elementor-top-column elementor-element elementor-element-4ba7412\" data-id=\"4ba7412\" data-element_type=\"column\" data-e-type=\"column\">\n\t\t\t<div class=\"elementor-widget-wrap elementor-element-populated\">\n\t\t\t\t\t\t<div class=\"elementor-element elementor-element-879fa75 elementor-widget elementor-widget-image\" data-id=\"879fa75\" data-element_type=\"widget\" data-e-type=\"widget\" data-widget_type=\"image.default\">\n\t\t\t\t<div class=\"elementor-widget-container\">\n\t\t\t\t\t\t\t\t\t\t\t\t\t\t\t<img loading=\"lazy\" decoding=\"async\" width=\"600\" height=\"600\" src=\"https:\/\/opalaventure.com\/wp-content\/uploads\/2023\/02\/OPALA-BAS-ACTI.png\" class=\"attachment-large size-large wp-image-545\" alt=\"\" srcset=\"https:\/\/opalaventure.com\/wp-content\/uploads\/2023\/02\/OPALA-BAS-ACTI.png 600w, https:\/\/opalaventure.com\/wp-content\/uploads\/2023\/02\/OPALA-BAS-ACTI-300x300.png 300w, https:\/\/opalaventure.com\/wp-content\/uploads\/2023\/02\/OPALA-BAS-ACTI-150x150.png 150w, https:\/\/opalaventure.com\/wp-content\/uploads\/2023\/02\/OPALA-BAS-ACTI-12x12.png 12w\" sizes=\"(max-width: 600px) 100vw, 600px\" \/>\t\t\t\t\t\t\t\t\t\t\t\t\t\t\t<\/div>\n\t\t\t\t<\/div>\n\t\t\t\t<div class=\"elementor-element elementor-element-c738fb1 elementor-widget elementor-widget-text-editor\" data-id=\"c738fb1\" data-element_type=\"widget\" data-e-type=\"widget\" data-widget_type=\"text-editor.default\">\n\t\t\t\t<div class=\"elementor-widget-container\">\n\t\t\t\t\t\t\t\t\t<p>Tenue sportive<\/p>\t\t\t\t\t\t\t\t<\/div>\n\t\t\t\t<\/div>\n\t\t\t\t<div class=\"elementor-element elementor-element-8a2930f elementor-widget elementor-widget-text-editor\" data-id=\"8a2930f\" data-element_type=\"widget\" data-e-type=\"widget\" data-widget_type=\"text-editor.default\">\n\t\t\t\t<div class=\"elementor-widget-container\">\n\t\t\t\t\t\t\t\t\t<p>Baskets et cheveux attach\u00e9s<\/p>\t\t\t\t\t\t\t\t<\/div>\n\t\t\t\t<\/div>\n\t\t\t\t\t<\/div>\n\t\t<\/div>\n\t\t\t\t<div class=\"elementor-column elementor-col-25 elementor-top-column elementor-element elementor-element-ac6f63e\" data-id=\"ac6f63e\" data-element_type=\"column\" data-e-type=\"column\">\n\t\t\t<div class=\"elementor-widget-wrap elementor-element-populated\">\n\t\t\t\t\t\t<div class=\"elementor-element elementor-element-3cfcaa6 elementor-widget elementor-widget-image\" data-id=\"3cfcaa6\" data-element_type=\"widget\" data-e-type=\"widget\" data-widget_type=\"image.default\">\n\t\t\t\t<div class=\"elementor-widget-container\">\n\t\t\t\t\t\t\t\t\t\t\t\t\t\t\t<img loading=\"lazy\" decoding=\"async\" width=\"600\" height=\"600\" src=\"https:\/\/opalaventure.com\/wp-content\/uploads\/2023\/02\/OPALA-DUREE.png\" class=\"attachment-large size-large wp-image-546\" alt=\"\" srcset=\"https:\/\/opalaventure.com\/wp-content\/uploads\/2023\/02\/OPALA-DUREE.png 600w, https:\/\/opalaventure.com\/wp-content\/uploads\/2023\/02\/OPALA-DUREE-300x300.png 300w, https:\/\/opalaventure.com\/wp-content\/uploads\/2023\/02\/OPALA-DUREE-150x150.png 150w, https:\/\/opalaventure.com\/wp-content\/uploads\/2023\/02\/OPALA-DUREE-12x12.png 12w\" sizes=\"(max-width: 600px) 100vw, 600px\" \/>\t\t\t\t\t\t\t\t\t\t\t\t\t\t\t<\/div>\n\t\t\t\t<\/div>\n\t\t\t\t<div class=\"elementor-element elementor-element-afc14b8 elementor-widget elementor-widget-text-editor\" data-id=\"afc14b8\" data-element_type=\"widget\" data-e-type=\"widget\" data-widget_type=\"text-editor.default\">\n\t\t\t\t<div class=\"elementor-widget-container\">\n\t\t\t\t\t\t\t\t\t<p>Temps estim\u00e9<\/p>\t\t\t\t\t\t\t\t<\/div>\n\t\t\t\t<\/div>\n\t\t\t\t<div class=\"elementor-element elementor-element-57699e4 elementor-widget elementor-widget-text-editor\" data-id=\"57699e4\" data-element_type=\"widget\" data-e-type=\"widget\" data-widget_type=\"text-editor.default\">\n\t\t\t\t<div class=\"elementor-widget-container\">\n\t\t\t\t\t\t\t\t\t<p>2h<\/p>\t\t\t\t\t\t\t\t<\/div>\n\t\t\t\t<\/div>\n\t\t\t\t\t<\/div>\n\t\t<\/div>\n\t\t\t\t\t<\/div>\n\t\t<\/section>\n\t\t\t\t<section class=\"elementor-section elementor-top-section elementor-element elementor-element-20a7eb1 elementor-section-boxed elementor-section-height-default elementor-section-height-default\" data-id=\"20a7eb1\" data-element_type=\"section\" data-e-type=\"section\" data-settings=\"{&quot;background_background&quot;:&quot;classic&quot;}\">\n\t\t\t\t\t\t<div class=\"elementor-container elementor-column-gap-default\">\n\t\t\t\t\t<div class=\"elementor-column elementor-col-100 elementor-top-column elementor-element elementor-element-00724ff\" data-id=\"00724ff\" data-element_type=\"column\" data-e-type=\"column\">\n\t\t\t<div class=\"elementor-widget-wrap elementor-element-populated\">\n\t\t\t\t\t\t<div class=\"elementor-element elementor-element-b1338d5 elementor-widget elementor-widget-text-editor\" data-id=\"b1338d5\" data-element_type=\"widget\" data-e-type=\"widget\" data-widget_type=\"text-editor.default\">\n\t\t\t\t<div class=\"elementor-widget-container\">\n\t\t\t\t\t\t\t\t\t<p><strong>3 parcours de niveaux interm\u00e9diaire :<\/strong><\/p><p>Parcours famille par excellence. Les jeunes comme les moins jeunes pourront s\u2019y amuser gr\u00e2ce au syst\u00e8me de ligne de vie continue qui assure une s\u00e9curit\u00e9 optimale.<\/p>\t\t\t\t\t\t\t\t<\/div>\n\t\t\t\t<\/div>\n\t\t\t\t<div class=\"elementor-element elementor-element-ce2e283 elementor-widget elementor-widget-text-editor\" data-id=\"ce2e283\" data-element_type=\"widget\" data-e-type=\"widget\" data-widget_type=\"text-editor.default\">\n\t\t\t\t<div class=\"elementor-widget-container\">\n\t\t\t\t\t\t\t\t\t<p>Comment se d\u00e9roule 2h d&rsquo;activit\u00e9s ?<\/p>\t\t\t\t\t\t\t\t<\/div>\n\t\t\t\t<\/div>\n\t\t\t\t<div class=\"elementor-element elementor-element-574ef9b elementor-widget elementor-widget-text-editor\" data-id=\"574ef9b\" data-element_type=\"widget\" data-e-type=\"widget\" data-widget_type=\"text-editor.default\">\n\t\t\t\t<div class=\"elementor-widget-container\">\n\t\t\t\t\t\t\t\t\t<p>Vous \u00e9voluerez entre 2 et 8 m\u00e8tres de hauteur, sur des parcours accessibles \u00e0 tout le monde.<\/p><p><strong>1\u00e8re \u00c9tape : L&rsquo;\u00e9quipement<\/strong><br \/>Un op\u00e9rateur vous \u00e9quipe d\u2019un baudrier qui assurera votre s\u00e9curit\u00e9 durant toute l\u2019activit\u00e9 (EPI).<\/p><p><strong>2\u00e8me \u00c9tape : Le parcours briefing<\/strong><br \/>Etape obligatoire, l\u2019op\u00e9rateur Opalaventure proc\u00e8de \u00e0 une initiation sur un parcours \u00e0 1 m\u00e8tre du sol. Prise en main du mat\u00e9riel, r\u00e8gles de s\u00e9curit\u00e9, conseils pratique, tout vous sera \u00e9voqu\u00e9 !<\/p><p><strong>3\u00e8me \u00c9tape : Que l&rsquo;aventure commence<\/strong><\/p>\t\t\t\t\t\t\t\t<\/div>\n\t\t\t\t<\/div>\n\t\t\t\t<div class=\"elementor-element elementor-element-d4b1335 elementor-widget elementor-widget-text-editor\" data-id=\"d4b1335\" data-element_type=\"widget\" data-e-type=\"widget\" data-widget_type=\"text-editor.default\">\n\t\t\t\t<div class=\"elementor-widget-container\">\n\t\t\t\t\t\t\t\t\t<p>Des ateliers adapt\u00e9s \u00e0 tous les niveaux<\/p>\t\t\t\t\t\t\t\t<\/div>\n\t\t\t\t<\/div>\n\t\t\t\t<div class=\"elementor-element elementor-element-afde924 elementor-widget elementor-widget-text-editor\" data-id=\"afde924\" data-element_type=\"widget\" data-e-type=\"widget\" data-widget_type=\"text-editor.default\">\n\t\t\t\t<div class=\"elementor-widget-container\">\n\t\t\t\t\t\t\t\t\t<p>Les parcours d\u00e9couverte sont un mix entre les <strong>parcours enfant<\/strong> (syst\u00e8me de ligne de vie continue) et les <strong>parcours adulte<\/strong> (type d\u2019ateliers). Il ne vous sera jamais demand\u00e9 de vous porter \u00e0 la force des bras, le parcours a \u00e9t\u00e9 con\u00e7u pour \u00eatre accessible aux plus jeunes et facile d\u2019ex\u00e9cution pour les adultes.<\/p><p>Il permet aux familles de se retrouver ensemble sur le m\u00eame parcours, aux d\u00e9butants d\u00e9couvrant l\u2019activit\u00e9 de prendre confiance et aux \u00e9coles et centres de loisirs d\u2019effectuer l\u2019activit\u00e9 sans le moindre risque gr\u00e2ce \u00e0 la ligne de vie continue.<\/p>\t\t\t\t\t\t\t\t<\/div>\n\t\t\t\t<\/div>\n\t\t\t\t\t<\/div>\n\t\t<\/div>\n\t\t\t\t\t<\/div>\n\t\t<\/section>\n\t\t\t\t<\/div>","protected":false},"excerpt":{"rendered":"<p>Parcours d\u00e9couverte La formule \u00ab\u00a0d\u00e9couverte\u00a0\u00bb, un parcours familial 100% s\u00e9curis\u00e9, accessible d\u00e8s 9 ans 45 ateliers uniquement sur r\u00e9servation. Se pr\u00e9senter 10 minutes avant le d\u00e9part ! R\u00e9server \u00c2ges requis 9 ans (1m20) Altitude 2 \u00e0 8 m\u00e8tres Tenue sportive Baskets et cheveux attach\u00e9s Temps estim\u00e9 2h 3 parcours de niveaux interm\u00e9diaire : Parcours famille [&hellip;]<\/p>\n","protected":false},"author":1,"featured_media":0,"parent":0,"menu_order":0,"comment_status":"closed","ping_status":"closed","template":"","meta":{"footnotes":""},"class_list":["post-616","page","type-page","status-publish","hentry"],"_links":{"self":[{"href":"https:\/\/opalaventure.com\/en\/wp-json\/wp\/v2\/pages\/616","targetHints":{"allow":["GET"]}}],"collection":[{"href":"https:\/\/opalaventure.com\/en\/wp-json\/wp\/v2\/pages"}],"about":[{"href":"https:\/\/opalaventure.com\/en\/wp-json\/wp\/v2\/types\/page"}],"author":[{"embeddable":true,"href":"https:\/\/opalaventure.com\/en\/wp-json\/wp\/v2\/users\/1"}],"replies":[{"embeddable":true,"href":"https:\/\/opalaventure.com\/en\/wp-json\/wp\/v2\/comments?post=616"}],"version-history":[{"count":58,"href":"https:\/\/opalaventure.com\/en\/wp-json\/wp\/v2\/pages\/616\/revisions"}],"predecessor-version":[{"id":4421,"href":"https:\/\/opalaventure.com\/en\/wp-json\/wp\/v2\/pages\/616\/revisions\/4421"}],"wp:attachment":[{"href":"https:\/\/opalaventure.com\/en\/wp-json\/wp\/v2\/media?parent=616"}],"curies":[{"name":"wp","href":"https:\/\/api.w.org\/{rel}","templated":true}]}}