{"id":592,"date":"2023-02-03T16:53:30","date_gmt":"2023-02-03T15:53:30","guid":{"rendered":"https:\/\/opalaventure.com\/?page_id=592"},"modified":"2026-03-11T10:00:54","modified_gmt":"2026-03-11T09:00:54","slug":"opalaventure-parcours-enfant","status":"publish","type":"page","link":"https:\/\/opalaventure.com\/en\/opalaventure-parcours-enfant\/","title":{"rendered":"Parcours enfant"},"content":{"rendered":"<div data-elementor-type=\"wp-page\" data-elementor-id=\"592\" class=\"elementor elementor-592\" data-elementor-post-type=\"page\">\n\t\t\t\t\t\t<section class=\"elementor-section elementor-top-section elementor-element elementor-element-65c4433 elementor-section-boxed elementor-section-height-default elementor-section-height-default\" data-id=\"65c4433\" data-element_type=\"section\" data-e-type=\"section\" data-settings=\"{&quot;background_background&quot;:&quot;classic&quot;}\">\n\t\t\t\t\t\t<div class=\"elementor-container elementor-column-gap-default\">\n\t\t\t\t\t<div class=\"elementor-column elementor-col-50 elementor-top-column elementor-element elementor-element-742255c\" data-id=\"742255c\" data-element_type=\"column\" data-e-type=\"column\">\n\t\t\t<div class=\"elementor-widget-wrap elementor-element-populated\">\n\t\t\t\t\t\t<div class=\"elementor-element elementor-element-ddb0420 elementor-widget-mobile__width-auto elementor-widget elementor-widget-text-editor\" data-id=\"ddb0420\" data-element_type=\"widget\" data-e-type=\"widget\" data-widget_type=\"text-editor.default\">\n\t\t\t\t<div class=\"elementor-widget-container\">\n\t\t\t\t\t\t\t\t\t<p>Parcours enfant<\/p>\t\t\t\t\t\t\t\t<\/div>\n\t\t\t\t<\/div>\n\t\t\t\t<div class=\"elementor-element elementor-element-e0a0777 elementor-widget elementor-widget-text-editor\" data-id=\"e0a0777\" data-element_type=\"widget\" data-e-type=\"widget\" data-widget_type=\"text-editor.default\">\n\t\t\t\t<div class=\"elementor-widget-container\">\n\t\t\t\t\t\t\t\t\t<p>Une formule 100% s\u00e9curis\u00e9e pour faire comme les grands<\/p>\t\t\t\t\t\t\t\t<\/div>\n\t\t\t\t<\/div>\n\t\t\t\t<div class=\"elementor-element elementor-element-81300df elementor-widget elementor-widget-text-editor\" data-id=\"81300df\" data-element_type=\"widget\" data-e-type=\"widget\" data-widget_type=\"text-editor.default\">\n\t\t\t\t<div class=\"elementor-widget-container\">\n\t\t\t\t\t\t\t\t\t<p>3 parcours<\/p><ul><li>Ligne de vie continue qui assure une s\u00e9curit\u00e9 \u00e0 100%<\/li><li>Accessible aux 5-8 ans<\/li><li>Des tyroliennes<\/li><li>Un moniteur Opalaventure est en surveillance.<\/li><\/ul>\t\t\t\t\t\t\t\t<\/div>\n\t\t\t\t<\/div>\n\t\t\t\t<div class=\"elementor-element elementor-element-bf3c634 elementor-widget elementor-widget-button\" data-id=\"bf3c634\" data-element_type=\"widget\" data-e-type=\"widget\" data-widget_type=\"button.default\">\n\t\t\t\t<div class=\"elementor-widget-container\">\n\t\t\t\t\t\t\t\t\t<div class=\"elementor-button-wrapper\">\n\t\t\t\t\t<a class=\"elementor-button elementor-button-link elementor-size-sm\" href=\"https:\/\/opalaventure.com\/en\/tarifs-reservations\/\">\n\t\t\t\t\t\t<span class=\"elementor-button-content-wrapper\">\n\t\t\t\t\t\t\t\t\t<span class=\"elementor-button-text\">R\u00e9server<\/span>\n\t\t\t\t\t<\/span>\n\t\t\t\t\t<\/a>\n\t\t\t\t<\/div>\n\t\t\t\t\t\t\t\t<\/div>\n\t\t\t\t<\/div>\n\t\t\t\t\t<\/div>\n\t\t<\/div>\n\t\t\t\t<div class=\"elementor-column elementor-col-50 elementor-top-column elementor-element elementor-element-8492baa\" data-id=\"8492baa\" data-element_type=\"column\" data-e-type=\"column\">\n\t\t\t<div class=\"elementor-widget-wrap elementor-element-populated\">\n\t\t\t\t\t\t<div class=\"elementor-element elementor-element-dacebc4 elementor-widget elementor-widget-image\" data-id=\"dacebc4\" data-element_type=\"widget\" data-e-type=\"widget\" data-widget_type=\"image.default\">\n\t\t\t\t<div class=\"elementor-widget-container\">\n\t\t\t\t\t\t\t\t\t\t\t\t\t\t\t<img fetchpriority=\"high\" decoding=\"async\" width=\"800\" height=\"600\" src=\"https:\/\/opalaventure.com\/wp-content\/uploads\/2025\/07\/IMG_9601-1024x768.jpg\" class=\"attachment-large size-large wp-image-2239\" alt=\"accrobranche-enfants-le-touquet\" srcset=\"https:\/\/opalaventure.com\/wp-content\/uploads\/2025\/07\/IMG_9601-1024x768.jpg 1024w, https:\/\/opalaventure.com\/wp-content\/uploads\/2025\/07\/IMG_9601-300x225.jpg 300w, https:\/\/opalaventure.com\/wp-content\/uploads\/2025\/07\/IMG_9601-768x576.jpg 768w, https:\/\/opalaventure.com\/wp-content\/uploads\/2025\/07\/IMG_9601-1536x1152.jpg 1536w, https:\/\/opalaventure.com\/wp-content\/uploads\/2025\/07\/IMG_9601-16x12.jpg 16w, https:\/\/opalaventure.com\/wp-content\/uploads\/2025\/07\/IMG_9601.jpg 2048w\" sizes=\"(max-width: 800px) 100vw, 800px\" \/>\t\t\t\t\t\t\t\t\t\t\t\t\t\t\t<\/div>\n\t\t\t\t<\/div>\n\t\t\t\t\t<\/div>\n\t\t<\/div>\n\t\t\t\t\t<\/div>\n\t\t<\/section>\n\t\t\t\t<section class=\"elementor-section elementor-top-section elementor-element elementor-element-f6d76a0 elementor-section-boxed elementor-section-height-default elementor-section-height-default\" data-id=\"f6d76a0\" data-element_type=\"section\" data-e-type=\"section\" data-settings=\"{&quot;background_background&quot;:&quot;classic&quot;}\">\n\t\t\t\t\t\t<div class=\"elementor-container elementor-column-gap-default\">\n\t\t\t\t\t<div class=\"elementor-column elementor-col-20 elementor-top-column elementor-element elementor-element-a269dd7\" data-id=\"a269dd7\" data-element_type=\"column\" data-e-type=\"column\">\n\t\t\t<div class=\"elementor-widget-wrap elementor-element-populated\">\n\t\t\t\t\t\t<div class=\"elementor-element elementor-element-2f5c944 elementor-widget elementor-widget-image\" data-id=\"2f5c944\" data-element_type=\"widget\" data-e-type=\"widget\" data-widget_type=\"image.default\">\n\t\t\t\t<div class=\"elementor-widget-container\">\n\t\t\t\t\t\t\t\t\t\t\t\t\t\t\t<img decoding=\"async\" width=\"600\" height=\"600\" src=\"https:\/\/opalaventure.com\/wp-content\/uploads\/2023\/02\/OPALA-AGE-5-VRT.png\" class=\"attachment-large size-large wp-image-593\" alt=\"\" srcset=\"https:\/\/opalaventure.com\/wp-content\/uploads\/2023\/02\/OPALA-AGE-5-VRT.png 600w, https:\/\/opalaventure.com\/wp-content\/uploads\/2023\/02\/OPALA-AGE-5-VRT-300x300.png 300w, https:\/\/opalaventure.com\/wp-content\/uploads\/2023\/02\/OPALA-AGE-5-VRT-150x150.png 150w, https:\/\/opalaventure.com\/wp-content\/uploads\/2023\/02\/OPALA-AGE-5-VRT-12x12.png 12w\" sizes=\"(max-width: 600px) 100vw, 600px\" \/>\t\t\t\t\t\t\t\t\t\t\t\t\t\t\t<\/div>\n\t\t\t\t<\/div>\n\t\t\t\t<div class=\"elementor-element elementor-element-cf82780 elementor-widget elementor-widget-text-editor\" data-id=\"cf82780\" data-element_type=\"widget\" data-e-type=\"widget\" data-widget_type=\"text-editor.default\">\n\t\t\t\t<div class=\"elementor-widget-container\">\n\t\t\t\t\t\t\t\t\t<p>\u00c2ges requis<\/p>\t\t\t\t\t\t\t\t<\/div>\n\t\t\t\t<\/div>\n\t\t\t\t<div class=\"elementor-element elementor-element-93acc2c elementor-widget elementor-widget-text-editor\" data-id=\"93acc2c\" data-element_type=\"widget\" data-e-type=\"widget\" data-widget_type=\"text-editor.default\">\n\t\t\t\t<div class=\"elementor-widget-container\">\n\t\t\t\t\t\t\t\t\t<p>5-8ans (1m10)<\/p>\t\t\t\t\t\t\t\t<\/div>\n\t\t\t\t<\/div>\n\t\t\t\t\t<\/div>\n\t\t<\/div>\n\t\t\t\t<div class=\"elementor-column elementor-col-20 elementor-top-column elementor-element elementor-element-9eda872\" data-id=\"9eda872\" data-element_type=\"column\" data-e-type=\"column\">\n\t\t\t<div class=\"elementor-widget-wrap elementor-element-populated\">\n\t\t\t\t\t\t<div class=\"elementor-element elementor-element-37569fb elementor-widget elementor-widget-image\" data-id=\"37569fb\" data-element_type=\"widget\" data-e-type=\"widget\" data-widget_type=\"image.default\">\n\t\t\t\t<div class=\"elementor-widget-container\">\n\t\t\t\t\t\t\t\t\t\t\t\t\t\t\t<img decoding=\"async\" width=\"600\" height=\"600\" src=\"https:\/\/opalaventure.com\/wp-content\/uploads\/2023\/02\/OPALA-DUREE.png\" class=\"attachment-large size-large wp-image-546\" alt=\"\" srcset=\"https:\/\/opalaventure.com\/wp-content\/uploads\/2023\/02\/OPALA-DUREE.png 600w, https:\/\/opalaventure.com\/wp-content\/uploads\/2023\/02\/OPALA-DUREE-300x300.png 300w, https:\/\/opalaventure.com\/wp-content\/uploads\/2023\/02\/OPALA-DUREE-150x150.png 150w, https:\/\/opalaventure.com\/wp-content\/uploads\/2023\/02\/OPALA-DUREE-12x12.png 12w\" sizes=\"(max-width: 600px) 100vw, 600px\" \/>\t\t\t\t\t\t\t\t\t\t\t\t\t\t\t<\/div>\n\t\t\t\t<\/div>\n\t\t\t\t<div class=\"elementor-element elementor-element-2e05508 elementor-widget elementor-widget-text-editor\" data-id=\"2e05508\" data-element_type=\"widget\" data-e-type=\"widget\" data-widget_type=\"text-editor.default\">\n\t\t\t\t<div class=\"elementor-widget-container\">\n\t\t\t\t\t\t\t\t\t<p>Temps estim\u00e9<\/p>\t\t\t\t\t\t\t\t<\/div>\n\t\t\t\t<\/div>\n\t\t\t\t<div class=\"elementor-element elementor-element-43f27e5 elementor-widget elementor-widget-text-editor\" data-id=\"43f27e5\" data-element_type=\"widget\" data-e-type=\"widget\" data-widget_type=\"text-editor.default\">\n\t\t\t\t<div class=\"elementor-widget-container\">\n\t\t\t\t\t\t\t\t\t<p>environ 1h30<\/p>\t\t\t\t\t\t\t\t<\/div>\n\t\t\t\t<\/div>\n\t\t\t\t\t<\/div>\n\t\t<\/div>\n\t\t\t\t<div class=\"elementor-column elementor-col-20 elementor-top-column elementor-element elementor-element-bc8e6e2\" data-id=\"bc8e6e2\" data-element_type=\"column\" data-e-type=\"column\">\n\t\t\t<div class=\"elementor-widget-wrap elementor-element-populated\">\n\t\t\t\t\t\t<div class=\"elementor-element elementor-element-c5bbbaf elementor-widget elementor-widget-image\" data-id=\"c5bbbaf\" data-element_type=\"widget\" data-e-type=\"widget\" data-widget_type=\"image.default\">\n\t\t\t\t<div class=\"elementor-widget-container\">\n\t\t\t\t\t\t\t\t\t\t\t\t\t\t\t<img loading=\"lazy\" decoding=\"async\" width=\"600\" height=\"600\" src=\"https:\/\/opalaventure.com\/wp-content\/uploads\/2023\/02\/OPALA-ALTI.png\" class=\"attachment-large size-large wp-image-542\" alt=\"\" srcset=\"https:\/\/opalaventure.com\/wp-content\/uploads\/2023\/02\/OPALA-ALTI.png 600w, https:\/\/opalaventure.com\/wp-content\/uploads\/2023\/02\/OPALA-ALTI-300x300.png 300w, https:\/\/opalaventure.com\/wp-content\/uploads\/2023\/02\/OPALA-ALTI-150x150.png 150w, https:\/\/opalaventure.com\/wp-content\/uploads\/2023\/02\/OPALA-ALTI-12x12.png 12w\" sizes=\"(max-width: 600px) 100vw, 600px\" \/>\t\t\t\t\t\t\t\t\t\t\t\t\t\t\t<\/div>\n\t\t\t\t<\/div>\n\t\t\t\t<div class=\"elementor-element elementor-element-b726c59 elementor-widget elementor-widget-text-editor\" data-id=\"b726c59\" data-element_type=\"widget\" data-e-type=\"widget\" data-widget_type=\"text-editor.default\">\n\t\t\t\t<div class=\"elementor-widget-container\">\n\t\t\t\t\t\t\t\t\t<p>Altitude<\/p>\t\t\t\t\t\t\t\t<\/div>\n\t\t\t\t<\/div>\n\t\t\t\t<div class=\"elementor-element elementor-element-90b3da2 elementor-widget elementor-widget-text-editor\" data-id=\"90b3da2\" data-element_type=\"widget\" data-e-type=\"widget\" data-widget_type=\"text-editor.default\">\n\t\t\t\t<div class=\"elementor-widget-container\">\n\t\t\t\t\t\t\t\t\t<p>1 \u00e0 6 m\u00e8tres<\/p>\t\t\t\t\t\t\t\t<\/div>\n\t\t\t\t<\/div>\n\t\t\t\t\t<\/div>\n\t\t<\/div>\n\t\t\t\t<div class=\"elementor-column elementor-col-20 elementor-top-column elementor-element elementor-element-7bb38f2\" data-id=\"7bb38f2\" data-element_type=\"column\" data-e-type=\"column\">\n\t\t\t<div class=\"elementor-widget-wrap elementor-element-populated\">\n\t\t\t\t\t\t<div class=\"elementor-element elementor-element-1bac23a elementor-widget elementor-widget-image\" data-id=\"1bac23a\" data-element_type=\"widget\" data-e-type=\"widget\" data-widget_type=\"image.default\">\n\t\t\t\t<div class=\"elementor-widget-container\">\n\t\t\t\t\t\t\t\t\t\t\t\t\t\t\t<img loading=\"lazy\" decoding=\"async\" width=\"600\" height=\"600\" src=\"https:\/\/opalaventure.com\/wp-content\/uploads\/2023\/02\/OPALA-BAS-ACTI.png\" class=\"attachment-large size-large wp-image-545\" alt=\"\" srcset=\"https:\/\/opalaventure.com\/wp-content\/uploads\/2023\/02\/OPALA-BAS-ACTI.png 600w, https:\/\/opalaventure.com\/wp-content\/uploads\/2023\/02\/OPALA-BAS-ACTI-300x300.png 300w, https:\/\/opalaventure.com\/wp-content\/uploads\/2023\/02\/OPALA-BAS-ACTI-150x150.png 150w, https:\/\/opalaventure.com\/wp-content\/uploads\/2023\/02\/OPALA-BAS-ACTI-12x12.png 12w\" sizes=\"(max-width: 600px) 100vw, 600px\" \/>\t\t\t\t\t\t\t\t\t\t\t\t\t\t\t<\/div>\n\t\t\t\t<\/div>\n\t\t\t\t<div class=\"elementor-element elementor-element-fa4c3a2 elementor-widget elementor-widget-text-editor\" data-id=\"fa4c3a2\" data-element_type=\"widget\" data-e-type=\"widget\" data-widget_type=\"text-editor.default\">\n\t\t\t\t<div class=\"elementor-widget-container\">\n\t\t\t\t\t\t\t\t\t<p>Tenue sportive<\/p>\t\t\t\t\t\t\t\t<\/div>\n\t\t\t\t<\/div>\n\t\t\t\t<div class=\"elementor-element elementor-element-06e4ce2 elementor-widget elementor-widget-text-editor\" data-id=\"06e4ce2\" data-element_type=\"widget\" data-e-type=\"widget\" data-widget_type=\"text-editor.default\">\n\t\t\t\t<div class=\"elementor-widget-container\">\n\t\t\t\t\t\t\t\t\t<p>Baskets<\/p>\t\t\t\t\t\t\t\t<\/div>\n\t\t\t\t<\/div>\n\t\t\t\t\t<\/div>\n\t\t<\/div>\n\t\t\t\t<div class=\"elementor-column elementor-col-20 elementor-top-column elementor-element elementor-element-851ded7\" data-id=\"851ded7\" data-element_type=\"column\" data-e-type=\"column\">\n\t\t\t<div class=\"elementor-widget-wrap elementor-element-populated\">\n\t\t\t\t\t\t<div class=\"elementor-element elementor-element-53478bd elementor-widget elementor-widget-image\" data-id=\"53478bd\" data-element_type=\"widget\" data-e-type=\"widget\" data-widget_type=\"image.default\">\n\t\t\t\t<div class=\"elementor-widget-container\">\n\t\t\t\t\t\t\t\t\t\t\t\t\t\t\t<img decoding=\"async\" width=\"600\" height=\"600\" src=\"https:\/\/opalaventure.com\/wp-content\/uploads\/2023\/02\/OPALA-AGE-5-VRT.png\" class=\"attachment-large size-large wp-image-593\" alt=\"\" srcset=\"https:\/\/opalaventure.com\/wp-content\/uploads\/2023\/02\/OPALA-AGE-5-VRT.png 600w, https:\/\/opalaventure.com\/wp-content\/uploads\/2023\/02\/OPALA-AGE-5-VRT-300x300.png 300w, https:\/\/opalaventure.com\/wp-content\/uploads\/2023\/02\/OPALA-AGE-5-VRT-150x150.png 150w, https:\/\/opalaventure.com\/wp-content\/uploads\/2023\/02\/OPALA-AGE-5-VRT-12x12.png 12w\" sizes=\"(max-width: 600px) 100vw, 600px\" \/>\t\t\t\t\t\t\t\t\t\t\t\t\t\t\t<\/div>\n\t\t\t\t<\/div>\n\t\t\t\t<div class=\"elementor-element elementor-element-83d4c79 elementor-widget elementor-widget-text-editor\" data-id=\"83d4c79\" data-element_type=\"widget\" data-e-type=\"widget\" data-widget_type=\"text-editor.default\">\n\t\t\t\t<div class=\"elementor-widget-container\">\n\t\t\t\t\t\t\t\t\t<p>Ligne de vie continue<\/p>\t\t\t\t\t\t\t\t<\/div>\n\t\t\t\t<\/div>\n\t\t\t\t<div class=\"elementor-element elementor-element-7b81578 elementor-widget elementor-widget-text-editor\" data-id=\"7b81578\" data-element_type=\"widget\" data-e-type=\"widget\" data-widget_type=\"text-editor.default\">\n\t\t\t\t<div class=\"elementor-widget-container\">\n\t\t\t\t\t\t\t\t\t<p>Surveillance par un moniteur<\/p>\t\t\t\t\t\t\t\t<\/div>\n\t\t\t\t<\/div>\n\t\t\t\t\t<\/div>\n\t\t<\/div>\n\t\t\t\t\t<\/div>\n\t\t<\/section>\n\t\t\t\t<section class=\"elementor-section elementor-top-section elementor-element elementor-element-b340693 elementor-section-boxed elementor-section-height-default elementor-section-height-default\" data-id=\"b340693\" data-element_type=\"section\" data-e-type=\"section\" data-settings=\"{&quot;background_background&quot;:&quot;classic&quot;}\">\n\t\t\t\t\t\t<div class=\"elementor-container elementor-column-gap-default\">\n\t\t\t\t\t<div class=\"elementor-column elementor-col-100 elementor-top-column elementor-element elementor-element-56ddc68\" data-id=\"56ddc68\" data-element_type=\"column\" data-e-type=\"column\">\n\t\t\t<div class=\"elementor-widget-wrap elementor-element-populated\">\n\t\t\t\t\t\t<div class=\"elementor-element elementor-element-45850b2 elementor-widget elementor-widget-text-editor\" data-id=\"45850b2\" data-element_type=\"widget\" data-e-type=\"widget\" data-widget_type=\"text-editor.default\">\n\t\t\t\t<div class=\"elementor-widget-container\">\n\t\t\t\t\t\t\t\t\t<p>Comment se d\u00e9roule les 1h30 d&rsquo;activit\u00e9 ?<\/p>\t\t\t\t\t\t\t\t<\/div>\n\t\t\t\t<\/div>\n\t\t\t\t<div class=\"elementor-element elementor-element-d398d71 elementor-widget elementor-widget-text-editor\" data-id=\"d398d71\" data-element_type=\"widget\" data-e-type=\"widget\" data-widget_type=\"text-editor.default\">\n\t\t\t\t<div class=\"elementor-widget-container\">\n\t\t\t\t\t\t\t\t\t<p><strong>1\u00e8re \u00c9tape : L&rsquo;\u00e9quipement<\/strong><br \/>Un op\u00e9rateur s\u2019occupe d\u2019\u00e9quiper votre enfant d\u2019un baudrier qui assurera sa s\u00e9curit\u00e9 durant toute l\u2019activit\u00e9 (EPI).<\/p><p><strong>2\u00e8me \u00c9tape : Le parcours briefing<\/strong><br \/>\u00c9tape obligatoire, l\u2019op\u00e9rateur Opalaventure proc\u00e8de \u00e0 un briefing de s\u00e9curit\u00e9 avec l\u2019enfant et lui explique les quelques r\u00e8gles \u00e0 respecter.<br \/>Pr\u00e9sentation des 3 parcours, prise en main du mat\u00e9riel, r\u00e8gles de s\u00e9curit\u00e9, conseils pratique\u2026<\/p><p><strong>3\u00e8me \u00c9tape : Que l&rsquo;aventure commence<\/strong><br \/>L\u2019op\u00e9rateur accroche l\u2019enfant sur la ligne de vie continue du premier parcours (plus facile). Apr\u00e8s r\u00e9ussite du num\u00e9ro 1, il gagne le droit de faire le num\u00e9ro 2, plus long et plus intense.<br \/>Les enfants recommencent les 3 parcours tout au long de l\u2019heure et demie d\u2019activit\u00e9.<\/p>\t\t\t\t\t\t\t\t<\/div>\n\t\t\t\t<\/div>\n\t\t\t\t<div class=\"elementor-element elementor-element-9fcafe1 elementor-widget elementor-widget-text-editor\" data-id=\"9fcafe1\" data-element_type=\"widget\" data-e-type=\"widget\" data-widget_type=\"text-editor.default\">\n\t\t\t\t<div class=\"elementor-widget-container\">\n\t\t\t\t\t\t\t\t\t<p>Pour rassurer les parents<\/p>\t\t\t\t\t\t\t\t<\/div>\n\t\t\t\t<\/div>\n\t\t\t\t<div class=\"elementor-element elementor-element-ba3506e elementor-widget elementor-widget-text-editor\" data-id=\"ba3506e\" data-element_type=\"widget\" data-e-type=\"widget\" data-widget_type=\"text-editor.default\">\n\t\t\t\t<div class=\"elementor-widget-container\">\n\t\t\t\t\t\t\t\t\t<p>Avec 10 ans d\u2019exp\u00e9rience dans l\u2019accompagnement des enfants sur les parcours en hauteur, notre volont\u00e9 est de vous rassurer, vous, les parents !<br \/><br \/><\/p><p>Nous prenons en charge votre enfant durant l\u2019activit\u00e9, qu\u2019est-ce que cela veut dire ? Nous proc\u00e9dons au briefing de s\u00e9curit\u00e9 avec l\u2019enfant\u2026et SANS vous ! Plus vous \u00eates loin, plus l\u2019enfant est \u00e0 l\u2019\u00e9coute de l\u2019op\u00e9rateur. Vous pourrez bien \u00e9videmment le prendre en photo, l\u2019encourager en empruntant le sentier pi\u00e9ton sous le parcours.<br \/><br \/><br \/><\/p><p>Durant l\u2019activit\u00e9, son r\u00e9f\u00e8rent sera l\u2019op\u00e9rateur (en priorit\u00e9), plus apte \u00e0 divulguer les conseils appropri\u00e9s. Et vous verrez, votre enfant n\u2019en sortira que plus fier !<\/p>\t\t\t\t\t\t\t\t<\/div>\n\t\t\t\t<\/div>\n\t\t\t\t\t<\/div>\n\t\t<\/div>\n\t\t\t\t\t<\/div>\n\t\t<\/section>\n\t\t\t\t<\/div>","protected":false},"excerpt":{"rendered":"<p>Parcours enfant Une formule 100% s\u00e9curis\u00e9e pour faire comme les grands 3 parcours Ligne de vie continue qui assure une s\u00e9curit\u00e9 \u00e0 100% Accessible aux 5-8 ans Des tyroliennes Un moniteur Opalaventure est en surveillance. R\u00e9server \u00c2ges requis 5-8ans (1m10) Temps estim\u00e9 environ 1h30 Altitude 1 \u00e0 6 m\u00e8tres Tenue sportive Baskets Ligne de vie [&hellip;]<\/p>\n","protected":false},"author":1,"featured_media":0,"parent":0,"menu_order":0,"comment_status":"closed","ping_status":"closed","template":"","meta":{"footnotes":""},"class_list":["post-592","page","type-page","status-publish","hentry"],"_links":{"self":[{"href":"https:\/\/opalaventure.com\/en\/wp-json\/wp\/v2\/pages\/592","targetHints":{"allow":["GET"]}}],"collection":[{"href":"https:\/\/opalaventure.com\/en\/wp-json\/wp\/v2\/pages"}],"about":[{"href":"https:\/\/opalaventure.com\/en\/wp-json\/wp\/v2\/types\/page"}],"author":[{"embeddable":true,"href":"https:\/\/opalaventure.com\/en\/wp-json\/wp\/v2\/users\/1"}],"replies":[{"embeddable":true,"href":"https:\/\/opalaventure.com\/en\/wp-json\/wp\/v2\/comments?post=592"}],"version-history":[{"count":75,"href":"https:\/\/opalaventure.com\/en\/wp-json\/wp\/v2\/pages\/592\/revisions"}],"predecessor-version":[{"id":4424,"href":"https:\/\/opalaventure.com\/en\/wp-json\/wp\/v2\/pages\/592\/revisions\/4424"}],"wp:attachment":[{"href":"https:\/\/opalaventure.com\/en\/wp-json\/wp\/v2\/media?parent=592"}],"curies":[{"name":"wp","href":"https:\/\/api.w.org\/{rel}","templated":true}]}}