{"id":4524,"date":"2026-03-25T12:27:54","date_gmt":"2026-03-25T11:27:54","guid":{"rendered":"https:\/\/opalaventure.com\/?page_id=4524"},"modified":"2026-03-25T12:27:56","modified_gmt":"2026-03-25T11:27:56","slug":"reglement-general-interieur-opalaventure","status":"publish","type":"page","link":"https:\/\/opalaventure.com\/en\/reglement-general-interieur-opalaventure\/","title":{"rendered":"R\u00c8GLEMENT G\u00c9N\u00c9RAL INT\u00c9RIEUR OPALAVENTURE"},"content":{"rendered":"<p><strong>R\u00c8GLEMENT G\u00c9N\u00c9RAL INT\u00c9RIEUR<\/strong><\/p>\n\n\n\n<p><strong>DU PARCOURS ACROBATIQUE EN HAUTEUR OPALAVENTURE<\/strong><strong><br><\/strong><strong>\u00c0 PRATIQUE AUTONOME<\/strong><\/p>\n\n\n\n<p><strong>L\u2019ACC\u00c8S AU PARC IMPLIQUE L\u2019ACCEPTATION<\/strong><\/p>\n\n\n\n<p><strong>&nbsp;DU PR\u00c9SENT R\u00c8GLEMENT INT\u00c9RIEUR<\/strong><\/p>\n\n\n\n<p><em>Le parcours acrobatique en hauteur de la C\u00f4te d\u2019Opale OPALAVENTURE, situ\u00e9 Chemin des Bateaux, 62176 CAMIERS, est un espace d&rsquo;activit\u00e9 ludique permettant au pratiquant de cheminer en hauteur, <\/em><strong><em>de fa\u00e7on autonome<\/em><\/strong><em> et plus ou moins acrobatique, sur et entre les arbres ou autres supports naturels ou non.<\/em><\/p>\n\n\n\n<p><em>Il se compose d\u2019ateliers r\u00e9partis en plusieurs parcours distingu\u00e9s par des codes de couleurs.<\/em><\/p>\n\n\n\n<p>La prestation fournie comprend :<\/p>\n\n\n\n<ul class=\"wp-block-list\">\n<li>la fourniture et la mise en place de l\u2019\u00e9quipement de protection individuelle (EPI) des pratiquants<\/li>\n\n\n\n<li>la description de l\u2019activit\u00e9 : consignes d\u2019utilisation du mat\u00e9riel et explications de d\u00e9but de s\u00e9ance<\/li>\n\n\n\n<li>la mise en application sur parcours de test pour validation par un op\u00e9rateur<\/li>\n\n\n\n<li>la surveillance, les conseils et\/ou les aides \u00e9ventuels en cours de s\u00e9ance.<\/li>\n<\/ul>\n\n\n\n<p><strong><em>En cas de mauvaises conditions m\u00e9t\u00e9orologiques<\/em><\/strong><\/p>\n\n\n\n<p><strong><em>(fort vent, orage avec risque de foudre, rafales de vent, \u2026),<\/em><\/strong><\/p>\n\n\n\n<p><strong><em>la direction se r\u00e9serve le droit d\u2019\u00e9vacuer<\/em><\/strong><\/p>\n\n\n\n<p><strong><em>temporairement ou d\u00e9finitivement les parcours pour votre propre s\u00e9curit\u00e9.<\/em><\/strong><\/p>\n\n\n\n<ul class=\"wp-block-list\">\n<li><strong>L\u2019acc\u00e8s aux installations est interdit au public en dehors des heures d\u2019ouverture<\/strong><\/li>\n<\/ul>\n\n\n\n<p><strong>Condition d\u2019acc\u00e8s au site (applicable \u00e0 toute personne pr\u00e9sente sur le site)<\/strong><strong><br><\/strong><strong><br><\/strong><\/p>\n\n\n\n<ul class=\"wp-block-list\">\n<li><strong>Avoir souscrit, au pr\u00e9alable, une assurance en responsabilit\u00e9 civile<\/strong><\/li>\n<\/ul>\n\n\n\n<ul class=\"wp-block-list\">\n<li>\u00a0\u00a0<strong>Faire preuve de vigilance et de prudence, tant \u00e0 l\u2019\u00e9gard de chutes d\u2019objets qu\u2019\u00e0 l\u2019\u00e9gard du sol et de la v\u00e9g\u00e9tation environnante. (Il est rappel\u00e9 que les PAH se situent en milieu bois\u00e9)<\/strong><\/li>\n\n\n\n<li><strong>Respecter la signalisation en vigueur, ne pas g\u00eaner les pratiquants en circulant ou en stationnant \u00e0 proximit\u00e9 des ateliers et des tyroliennes arrivant au sol<\/strong><\/li>\n\n\n\n<li>Respecter les balisages et les cheminements au sol\u00a0<\/li>\n\n\n\n<li>Ne pas courir dans les all\u00e9es<\/li>\n\n\n\n<li>\u00a0Respecter l\u2019environnement (ni cueillette, ni abandon de quelque objet que ce soit !)<\/li>\n\n\n\n<li>Ne pas fumer ni faire du feu<\/li>\n<\/ul>\n\n\n\n<p><strong>Adoptez en toute circonstance un comportement responsable et prudent<\/strong> :<\/p>\n\n\n\n<p>&nbsp;Une tenue adapt\u00e9e \u00e0 l\u2019exercice des activit\u00e9s d\u2019ext\u00e9rieur est fortement recommand\u00e9e.<\/p>\n\n\n\n<p>Ne gardez sur vous aucun objet susceptible de tomber<\/p>\n\n\n\n<p>La direction se r\u00e9serve le droit de <strong>refuser l\u2019acc\u00e8s au parc et aux installations<\/strong><\/p>\n\n\n\n<p>\u00e0 toute personne dont elle estimerait qu\u2019elle ne remplit pas les conditions pr\u00e9vues au pr\u00e9sent r\u00e8glement.<\/p>\n\n\n\n<p><strong>Conditions de pratique de l\u2019activit\u00e9 :<\/strong><\/p>\n\n\n\n<ul class=\"wp-block-list\">\n<li>\u00a0\u00a0\u00catre en bonne sant\u00e9 et n&rsquo;\u00eatre affect\u00e9 d&rsquo;aucun trouble physique et psychologique. La pratique est interdite \u00e0 toute personne ayant consomm\u00e9 de l\u2019alcool ou toute substance pouvant alt\u00e9rer ses capacit\u00e9s<\/li>\n\n\n\n<li>\u00a0Avoir acquitt\u00e9 un droit d\u2019acc\u00e8s<\/li>\n\n\n\n<li>\u00a0Avoir suivi les explications de d\u00e9but de s\u00e9ance et <strong>\u00a0r\u00e9alis\u00e9 le parcours test avec succ\u00e8s, qui doit \u00eatre valid\u00e9 par un op\u00e9rateur : condition obligatoire avant d\u2019acc\u00e9der aux activit\u00e9s.<\/strong><\/li>\n\n\n\n<li>Les mineurs de <strong>moins de 14 ans doivent<\/strong> <strong>\u00eatre accompagn\u00e9s<\/strong> d\u2019un adulte responsable lors de l\u2019inscription qui doit rester pr\u00e9sent sur le site <strong>pendant la dur\u00e9e de l\u2019activit\u00e9.<\/strong><\/li>\n\n\n\n<li>\u00a0Pour les enfants de moins de 5 ans, <strong>pr\u00e9sence obligatoire<\/strong> d\u2019un adulte responsable accompagnant\u00a0 durant la pratique de l\u2019activit\u00e9. Il devra suivre les explications donn\u00e9es en d\u00e9but de s\u00e9ance sur les consignes de s\u00e9curit\u00e9 et l\u2019utilisation du mat\u00e9riel.<\/li>\n\n\n\n<li>\u00a0D\u2019une mani\u00e8re g\u00e9n\u00e9rale, pour les pratiquants, respecter l\u2019ensemble des consignes et directives donn\u00e9es<\/li>\n\n\n\n<li>\u00a0Avoir pris connaissance <strong>des documents affich\u00e9s<\/strong> relatifs :<\/li>\n<\/ul>\n\n\n\n<p>. aux consignes de s\u00e9curit\u00e9 et aux explications concernant l\u2019\u00e9quipement \u00e0 utiliser<br>. aux diff\u00e9rents marquages et signalisations utilis\u00e9s qui ont \u00e9t\u00e9 donn\u00e9s lors des explications du d\u00e9but de s\u00e9ance pour la pratique autonome de l\u2019activit\u00e9<\/p>\n\n\n\n<ul class=\"wp-block-list\">\n<li>\u00a0Respecter les consignes d\u2019utilisation des ateliers et notamment les consignes particuli\u00e8res de progression et les consignes particuli\u00e8res de s\u00e9curit\u00e9<\/li>\n\n\n\n<li>Respecter le nombre de personnes autoris\u00e9es par atelier et par plate-forme<\/li>\n\n\n\n<li>\u00a0L\u2019usage du t\u00e9l\u00e9phone mobile est interdit durant l\u2019activit\u00e9<\/li>\n<\/ul>\n\n\n\n<p><strong>VOUS EFFECTUEZ LES DIFF\u00c9RENTS PARCOURS <\/strong><strong>EN PRATIQUE AUTONOME :<\/strong><\/p>\n\n\n\n<p><strong><br><\/strong><strong>VOUS \u00caTES RESPONSABLE DE VOTRE PROPRE S\u00c9CURIT\u00c9<\/strong><\/p>\n\n\n\n<ul class=\"wp-block-list\">\n<li>Chaque client est \u00e9quip\u00e9 par nos soins d\u2019un \u00e9quipement de s\u00e9curit\u00e9 fourni par nous et v\u00e9rifi\u00e9 avant chaque d\u00e9part. Tout \u00e9quipement enlev\u00e9 et\/ou remis doit \u00eatre contr\u00f4l\u00e9 par un op\u00e9rateur. L\u2019utilisation d\u2019un mat\u00e9riel autre que celui fourni par l\u2019exploitant n\u2019est pas autoris\u00e9e.<\/li>\n\n\n\n<li><strong>Toute personne qui, \u00e0 l\u2019issue des explications des consignes de s\u00e9curit\u00e9, ne se sent pas capable, physiquement ou moralement d\u2019effectuer seule et correctement les manipulations indispensables \u00e0 une \u00e9volution de fa\u00e7on autonome, doit renoncer \u00e0 pratiquer l\u2019activit\u00e9.<\/strong><\/li>\n\n\n\n<li>Il en est de m\u00eame pour toute personne n\u2019ayant pas r\u00e9ussi l\u2019\u00e9valuation pratique.<\/li>\n\n\n\n<li>L\u2019auto assurage permanent et continu est obligatoire (lignes de vie, boucles de s\u00e9curit\u00e9, ou tout autre \u00e9l\u00e9ment indiqu\u00e9).<\/li>\n\n\n\n<li>Il est strictement interdit d\u2019interrompre et\/ou de quitter un parcours sans l\u2019autorisation et l\u2019assistance d\u2019un op\u00e9rateur\n<ul class=\"wp-block-list\">\n<li>En cas de probl\u00e8me, pr\u00e9venir un op\u00e9rateur par tout moyen utile.<\/li>\n<\/ul>\n<\/li>\n<\/ul>\n\n\n\n<p><strong>La direction se r\u00e9serve le droit<\/strong><\/p>\n\n\n\n<p>. d\u2019exclure toute personne ne respectant pas les consignes,<\/p>\n\n\n\n<p>. ou ayant un comportement dangereux pour soi-m\u00eame ou pour les autres,<\/p>\n\n\n\n<p>. ou irrespectueux des personnes, des installations ou de l\u2019environnement,<\/p>\n\n\n\n<p>. de prendre ou de faire appliquer toute d\u00e9cision qui lui semblerait justifi\u00e9e.<\/p>\n\n\n\n<p><strong>LA SOCI\u00c9T\u00c9 ORGANISATRICE N\u2019ASSURE AUCUNE RESPONSABILIT\u00c9<\/strong><\/p>\n\n\n\n<p><strong>EN CAS DE NON-RESPECT DES CONSIGNES DE S\u00c9CURIT\u00c9<\/strong><\/p>\n\n\n\n<p><strong>OU DU PR\u00c9SENT R\u00c8GLEMENT INT\u00c9RIEUR.<\/strong><\/p>\n\n\n\n<p><\/p>\n\n\n\n<p>&nbsp;&nbsp;&nbsp;&nbsp;&nbsp;&nbsp;&nbsp;&nbsp;&nbsp;&nbsp;&nbsp;&nbsp;&nbsp;&nbsp;&nbsp;&nbsp;&nbsp;&nbsp;&nbsp;&nbsp;&nbsp;&nbsp;&nbsp;&nbsp;&nbsp;&nbsp;&nbsp;&nbsp;&nbsp;&nbsp;&nbsp;&nbsp;&nbsp;&nbsp;&nbsp;&nbsp;&nbsp;&nbsp;&nbsp;&nbsp;&nbsp;&nbsp;&nbsp;&nbsp;&nbsp;&nbsp;&nbsp;&nbsp;&nbsp;&nbsp;&nbsp;&nbsp;&nbsp;&nbsp;&nbsp; &nbsp; &nbsp; &nbsp; &nbsp; &nbsp; &nbsp; &nbsp; &nbsp; &nbsp; &nbsp; &nbsp; &nbsp; &nbsp; &nbsp; &nbsp; &nbsp; &nbsp; &nbsp; &nbsp; &nbsp; &nbsp; &nbsp; &nbsp; &nbsp; &nbsp; &nbsp; &nbsp; &nbsp; &nbsp; &nbsp; &nbsp; &nbsp; &nbsp; <strong>La Direction<\/strong><\/p>","protected":false},"excerpt":{"rendered":"<p>R\u00c8GLEMENT G\u00c9N\u00c9RAL INT\u00c9RIEUR DU PARCOURS ACROBATIQUE EN HAUTEUR OPALAVENTURE\u00c0 PRATIQUE AUTONOME L\u2019ACC\u00c8S AU PARC IMPLIQUE L\u2019ACCEPTATION &nbsp;DU PR\u00c9SENT R\u00c8GLEMENT INT\u00c9RIEUR Le parcours acrobatique en hauteur de la C\u00f4te d\u2019Opale OPALAVENTURE, situ\u00e9 Chemin des Bateaux, 62176 CAMIERS, est un espace d&rsquo;activit\u00e9 ludique permettant au pratiquant de cheminer en hauteur, de fa\u00e7on autonome et plus ou moins [&hellip;]<\/p>\n","protected":false},"author":4,"featured_media":0,"parent":0,"menu_order":0,"comment_status":"closed","ping_status":"closed","template":"","meta":{"footnotes":""},"class_list":["post-4524","page","type-page","status-publish","hentry"],"_links":{"self":[{"href":"https:\/\/opalaventure.com\/en\/wp-json\/wp\/v2\/pages\/4524","targetHints":{"allow":["GET"]}}],"collection":[{"href":"https:\/\/opalaventure.com\/en\/wp-json\/wp\/v2\/pages"}],"about":[{"href":"https:\/\/opalaventure.com\/en\/wp-json\/wp\/v2\/types\/page"}],"author":[{"embeddable":true,"href":"https:\/\/opalaventure.com\/en\/wp-json\/wp\/v2\/users\/4"}],"replies":[{"embeddable":true,"href":"https:\/\/opalaventure.com\/en\/wp-json\/wp\/v2\/comments?post=4524"}],"version-history":[{"count":1,"href":"https:\/\/opalaventure.com\/en\/wp-json\/wp\/v2\/pages\/4524\/revisions"}],"predecessor-version":[{"id":4527,"href":"https:\/\/opalaventure.com\/en\/wp-json\/wp\/v2\/pages\/4524\/revisions\/4527"}],"wp:attachment":[{"href":"https:\/\/opalaventure.com\/en\/wp-json\/wp\/v2\/media?parent=4524"}],"curies":[{"name":"wp","href":"https:\/\/api.w.org\/{rel}","templated":true}]}}