{"id":4506,"date":"2026-03-24T17:48:50","date_gmt":"2026-03-24T16:48:50","guid":{"rendered":"https:\/\/opalaventure.com\/?page_id=4506"},"modified":"2026-03-24T17:53:02","modified_gmt":"2026-03-24T16:53:02","slug":"charte-relative-aux-cookies","status":"publish","type":"page","link":"https:\/\/opalaventure.com\/en\/charte-relative-aux-cookies\/","title":{"rendered":"Charte relative aux cookies"},"content":{"rendered":"\t\t<div data-elementor-type=\"wp-page\" data-elementor-id=\"4506\" class=\"elementor elementor-4506\" data-elementor-post-type=\"page\">\n\t\t\t\t\t\t<section class=\"elementor-section elementor-top-section elementor-element elementor-element-5c3069e7 elementor-section-boxed elementor-section-height-default elementor-section-height-default\" data-id=\"5c3069e7\" data-element_type=\"section\" data-e-type=\"section\">\n\t\t\t\t\t\t<div class=\"elementor-container elementor-column-gap-default\">\n\t\t\t\t\t<div class=\"elementor-column elementor-col-100 elementor-top-column elementor-element elementor-element-2ff7a1f5\" data-id=\"2ff7a1f5\" data-element_type=\"column\" data-e-type=\"column\">\n\t\t\t<div class=\"elementor-widget-wrap elementor-element-populated\">\n\t\t\t\t\t\t<div class=\"elementor-element elementor-element-5905ad5 elementor-widget elementor-widget-text-editor\" data-id=\"5905ad5\" data-element_type=\"widget\" data-e-type=\"widget\" data-widget_type=\"text-editor.default\">\n\t\t\t\t<div class=\"elementor-widget-container\">\n\t\t\t\t\t\t\t\t\t<p>Derni\u00e8re mise \u00e0 jour : [F\u00e9vrier 2026]<\/p>\n<p><strong>1. Qu\u2019est-ce qu\u2019un cookie ?<\/strong><\/p>\n<p>Un cookie est un petit fichier texte d\u00e9pos\u00e9 sur votre terminal (ordinateur, smartphone, tablette) lors de la consultation d\u2019un site internet.<\/p>\n<p>Il permet notamment :<\/p>\n<p>d\u2019assurer le bon fonctionnement du site<\/p>\n<p>d\u2019am\u00e9liorer l\u2019exp\u00e9rience utilisateur<\/p>\n<p>de mesurer l\u2019audience<\/p>\n<p>de proposer des contenus adapt\u00e9s<\/p>\n<p><strong>2. Quels cookies utilisons-nous ?<\/strong><\/p>\n<p>Le site Opalaventure utilise diff\u00e9rentes cat\u00e9gories de cookies :<\/p>\n<p>\ud83d\udd39 Cookies strictement n\u00e9cessaires<\/p>\n<p>Ces cookies sont indispensables au bon fonctionnement du site.<\/p>\n<p>Ils permettent notamment :<\/p>\n<p>la gestion des r\u00e9servations<\/p>\n<p>la m\u00e9morisation du panier<\/p>\n<p>la s\u00e9curisation du paiement<\/p>\n<p>la navigation sur le site<\/p>\n<p>Ces cookies ne peuvent pas \u00eatre d\u00e9sactiv\u00e9s.<\/p>\n<p>\ud83d\udd39 Cookies de mesure d\u2019audience<\/p>\n<p>Ces cookies nous permettent d\u2019analyser la fr\u00e9quentation du site afin d\u2019en am\u00e9liorer le contenu et l\u2019exp\u00e9rience utilisateur.<\/p>\n<p>Ils peuvent \u00eatre d\u00e9pos\u00e9s par :<\/p>\n<p>Google Analytics (le cas \u00e9ch\u00e9ant)<\/p>\n<p>outils statistiques int\u00e9gr\u00e9s \u00e0 WordPress \/ WooCommerce<\/p>\n<p>Les donn\u00e9es collect\u00e9es sont anonymis\u00e9es lorsque cela est possible.<\/p>\n<p>\ud83d\udd39 Cookies marketing (si utilis\u00e9s)<\/p>\n<p>Ces cookies peuvent \u00eatre utilis\u00e9s pour :<\/p>\n<p>mesurer l\u2019efficacit\u00e9 de campagnes publicitaires<\/p>\n<p>proposer des publicit\u00e9s adapt\u00e9es<\/p>\n<p>Ils peuvent provenir de services tels que :<\/p>\n<p>Meta (Facebook \/ Instagram Ads)<\/p>\n<p>Google Ads<\/p>\n<p>Ces cookies ne sont d\u00e9pos\u00e9s qu\u2019apr\u00e8s votre consentement.<\/p>\n<p><strong>3. Dur\u00e9e de conservation des cookies<\/strong><\/p>\n<p>Les cookies sont conserv\u00e9s pour une dur\u00e9e maximale de 13 mois conform\u00e9ment aux recommandations de la CNIL.<\/p>\n<p>Vous pouvez supprimer les cookies \u00e0 tout moment via les param\u00e8tres de votre navigateur.<\/p>\n<p><strong>4. Gestion de votre consentement<\/strong><\/p>\n<p>Lors de votre premi\u00e8re visite sur le site, un bandeau vous permet :<\/p>\n<p>d\u2019accepter tous les cookies<\/p>\n<p>de refuser les cookies non essentiels<\/p>\n<p>de personnaliser vos choix<\/p>\n<p>Vous pouvez modifier votre consentement \u00e0 tout moment via le lien \u00ab Gestion des cookies \u00bb pr\u00e9sent en bas de page.<\/p>\n<p><strong>5. Comment d\u00e9sactiver les cookies ?<\/strong><\/p>\n<p>Vous pouvez configurer votre navigateur pour :<\/p>\n<p>accepter ou refuser les cookies<\/p>\n<p>\u00eatre inform\u00e9 avant leur d\u00e9p\u00f4t<\/p>\n<p>supprimer les cookies d\u00e9j\u00e0 enregistr\u00e9s<\/p>\n<p>La d\u00e9sactivation de certains cookies peut alt\u00e9rer le fonctionnement du site.<\/p>\n<p><strong>6. Contact<\/strong><\/p>\n<p>Pour toute question relative \u00e0 cette charte ou au traitement de vos donn\u00e9es :<\/p>\n<p>\ud83d\udce7 opalaventure@gmail.com<br \/>\ud83d\udccd [88 chemin des bateaux 62 176 Sainte C\u00e9cile]<\/p>\t\t\t\t\t\t\t\t<\/div>\n\t\t\t\t<\/div>\n\t\t\t\t<div class=\"elementor-element elementor-element-793cbcd3 elementor-widget elementor-widget-text-editor\" data-id=\"793cbcd3\" data-element_type=\"widget\" data-e-type=\"widget\" data-widget_type=\"text-editor.default\">\n\t\t\t\t<div class=\"elementor-widget-container\">\n\t\t\t\t\t\t\t\t\t\n<blockquote class=\"wp-block-quote is-layout-flow wp-block-quote-is-layout-flow\">\n<p><\/p>\n<\/blockquote>\n\t\t\t\t\t\t\t\t<\/div>\n\t\t\t\t<\/div>\n\t\t\t\t\t<\/div>\n\t\t<\/div>\n\t\t\t\t\t<\/div>\n\t\t<\/section>\n\t\t\t\t<\/div>\n\t\t","protected":false},"excerpt":{"rendered":"<p>Derni\u00e8re mise \u00e0 jour : [F\u00e9vrier 2026] 1. Qu\u2019est-ce qu\u2019un cookie ? Un cookie est un petit fichier texte d\u00e9pos\u00e9 sur votre terminal (ordinateur, smartphone, tablette) lors de la consultation d\u2019un site internet. Il permet notamment : d\u2019assurer le bon fonctionnement du site d\u2019am\u00e9liorer l\u2019exp\u00e9rience utilisateur de mesurer l\u2019audience de proposer des contenus adapt\u00e9s 2. [&hellip;]<\/p>\n","protected":false},"author":4,"featured_media":0,"parent":0,"menu_order":0,"comment_status":"closed","ping_status":"closed","template":"","meta":{"footnotes":""},"class_list":["post-4506","page","type-page","status-publish","hentry"],"_links":{"self":[{"href":"https:\/\/opalaventure.com\/en\/wp-json\/wp\/v2\/pages\/4506","targetHints":{"allow":["GET"]}}],"collection":[{"href":"https:\/\/opalaventure.com\/en\/wp-json\/wp\/v2\/pages"}],"about":[{"href":"https:\/\/opalaventure.com\/en\/wp-json\/wp\/v2\/types\/page"}],"author":[{"embeddable":true,"href":"https:\/\/opalaventure.com\/en\/wp-json\/wp\/v2\/users\/4"}],"replies":[{"embeddable":true,"href":"https:\/\/opalaventure.com\/en\/wp-json\/wp\/v2\/comments?post=4506"}],"version-history":[{"count":3,"href":"https:\/\/opalaventure.com\/en\/wp-json\/wp\/v2\/pages\/4506\/revisions"}],"predecessor-version":[{"id":4513,"href":"https:\/\/opalaventure.com\/en\/wp-json\/wp\/v2\/pages\/4506\/revisions\/4513"}],"wp:attachment":[{"href":"https:\/\/opalaventure.com\/en\/wp-json\/wp\/v2\/media?parent=4506"}],"curies":[{"name":"wp","href":"https:\/\/api.w.org\/{rel}","templated":true}]}}