{"id":4499,"date":"2026-03-24T17:43:30","date_gmt":"2026-03-24T16:43:30","guid":{"rendered":"https:\/\/opalaventure.com\/?page_id=4499"},"modified":"2026-03-24T17:43:31","modified_gmt":"2026-03-24T16:43:31","slug":"mentions-legales","status":"publish","type":"page","link":"https:\/\/opalaventure.com\/en\/mentions-legales\/","title":{"rendered":"Mentions l\u00e9gales"},"content":{"rendered":"<h1 class=\"wp-block-heading\">Informations sur l\u2019entreprise<\/h1>\n\n\n\n<p><\/p>\n\n\n\n<ul class=\"wp-block-list\">\n<li>Nom de la soci\u00e9t\u00e9 : <strong>PAHCO<\/strong><\/li>\n\n\n\n<li>Nom commercial <strong>OPALAVENTURE<\/strong><\/li>\n\n\n\n<li><strong>SARL<\/strong><\/li>\n\n\n\n<li><strong>15 000\u20ac<\/strong><\/li>\n\n\n\n<li><strong>Chemin des bateaux 62 176 Camiers<\/strong><\/li>\n\n\n\n<li><strong>48771375200029<\/strong><\/li>\n\n\n\n<li><strong>487713752 R.C.S Boulogne-sur-mer<\/strong><\/li>\n\n\n\n<li><strong>FR58487713752<\/strong><\/li>\n\n\n\n<li><strong>contact@opalaventure.fr<\/strong><\/li>\n\n\n\n<li><strong>06 81 64 23 42<\/strong><\/li>\n<\/ul>\n\n\n\n<hr class=\"wp-block-separator has-alpha-channel-opacity\"\/>\n\n\n\n<h1 class=\"wp-block-heading\">Directeur de la publication<\/h1>\n\n\n\n<p>Responsable du site<\/p>\n\n\n\n<ul class=\"wp-block-list\">\n<li><strong>RENAUX <\/strong>Charles &#8211; Pr\u00e9sident de la soci\u00e9t\u00e9 PAHCO<\/li>\n<\/ul>\n\n\n\n<hr class=\"wp-block-separator has-alpha-channel-opacity\"\/>\n\n\n\n<h1 class=\"wp-block-heading\">H\u00e9bergeur du site<\/h1>\n\n\n\n<p>OVH SAS<br>2 rue Kellermann<br>59100 Roubaix \u2013 France<br>T\u00e9l\u00e9phone : 1007<\/p>\n\n\n\n<hr class=\"wp-block-separator has-alpha-channel-opacity\"\/>\n\n\n\n<h1 class=\"wp-block-heading\">Propri\u00e9t\u00e9 intellectuelle<\/h1>\n\n\n\n<p><\/p>\n\n\n\n<ul class=\"wp-block-list\">\n<li>les contenus du site sont prot\u00e9g\u00e9s<\/li>\n\n\n\n<li>les reproductions sont interdites<\/li>\n\n\n\n<li>l&rsquo;ensemble du contenu du site (textes, images, logos, vid\u00e9os, graphismes, liens) sont la propri\u00e9t\u00e9 exclusive d&rsquo;Opalaventure sauf mention contraire. Toute reproduction totale ou partielle est interdite sans autorisation sous peine de poursuites.<\/li>\n<\/ul>\n\n\n\n<hr class=\"wp-block-separator has-alpha-channel-opacity\"\/>\n\n\n\n<h1 class=\"wp-block-heading\">Responsabilit\u00e9<\/h1>\n\n\n\n<p><\/p>\n\n\n\n<ul class=\"wp-block-list\">\n<li>Opalaventure s\u2019efforce de fournir des informations aussi pr\u00e9cises que possible. Toutefois, l\u2019entreprise ne pourra \u00eatre tenue responsable des omissions ou inexactitudes.<\/li>\n\n\n\n<li>Pour plus de pr\u00e9cisions, vous pouvez consulter les CGV<\/li>\n<\/ul>\n\n\n\n<hr class=\"wp-block-separator has-alpha-channel-opacity\"\/>\n\n\n\n<h1 class=\"wp-block-heading\">Donn\u00e9es personnelles (RGPD)<\/h1>\n\n\n\n<p><\/p>\n\n\n\n<p>Les informations collect\u00e9es via les formulaires sont destin\u00e9es \u00e0 la gestion des demandes et des r\u00e9servations. Conform\u00e9ment au RGPD, vous disposez d\u2019un droit d\u2019acc\u00e8s, de rectification et de suppression de vos donn\u00e9es.<\/p>\n\n\n\n<hr class=\"wp-block-separator has-alpha-channel-opacity\"\/>\n\n\n\n<h1 class=\"wp-block-heading\">Cookies<\/h1>\n\n\n\n<p>Notre site Utilise <\/p>\n\n\n\n<ul class=\"wp-block-list\">\n<li>Google Analytics<\/li>\n\n\n\n<li>Meta Pixel<\/li>\n\n\n\n<li>outils marketing<\/li>\n<\/ul>\n\n\n\n<p>Vous pouvez ainsi consulter <\/p>\n\n\n\n<ul class=\"wp-block-list\">\n<li><strong>la charte des cookies<\/strong><\/li>\n\n\n\n<li><strong>politique de confidentialit\u00e9<\/strong><\/li>\n<\/ul>\n\n\n\n<hr class=\"wp-block-separator has-alpha-channel-opacity\"\/>\n\n\n\n<h1 class=\"wp-block-heading\">M\u00e9diateur de la consommation<\/h1>\n\n\n\n<p>MTV MEDIATION TOURISME VOYAGE CS 30958 75383PARIS cedex 08<\/p>\n\n\n\n<p><a href=\"mailto:info@mtv.travel\">info@mtv.travel<\/a>&nbsp;ou sur son site www.mtv.travel.&nbsp;<\/p>\n\n\n\n<hr class=\"wp-block-separator has-alpha-channel-opacity\"\/>\n\n\n\n<h1 class=\"wp-block-heading\">Conditions g\u00e9n\u00e9rales de vente<\/h1>\n\n\n\n<p>Nos conditions g\u00e9n\u00e9rales de vente sont accessibles sur notre site directement via un lien d\u00e9di\u00e9 dans le footer<\/p>","protected":false},"excerpt":{"rendered":"<p>Informations sur l\u2019entreprise Directeur de la publication Responsable du site H\u00e9bergeur du site OVH SAS2 rue Kellermann59100 Roubaix \u2013 FranceT\u00e9l\u00e9phone : 1007 Propri\u00e9t\u00e9 intellectuelle Responsabilit\u00e9 Donn\u00e9es personnelles (RGPD) Les informations collect\u00e9es via les formulaires sont destin\u00e9es \u00e0 la gestion des demandes et des r\u00e9servations. Conform\u00e9ment au RGPD, vous disposez d\u2019un droit d\u2019acc\u00e8s, de rectification et [&hellip;]<\/p>\n","protected":false},"author":4,"featured_media":0,"parent":0,"menu_order":0,"comment_status":"closed","ping_status":"closed","template":"","meta":{"footnotes":""},"class_list":["post-4499","page","type-page","status-publish","hentry"],"_links":{"self":[{"href":"https:\/\/opalaventure.com\/en\/wp-json\/wp\/v2\/pages\/4499","targetHints":{"allow":["GET"]}}],"collection":[{"href":"https:\/\/opalaventure.com\/en\/wp-json\/wp\/v2\/pages"}],"about":[{"href":"https:\/\/opalaventure.com\/en\/wp-json\/wp\/v2\/types\/page"}],"author":[{"embeddable":true,"href":"https:\/\/opalaventure.com\/en\/wp-json\/wp\/v2\/users\/4"}],"replies":[{"embeddable":true,"href":"https:\/\/opalaventure.com\/en\/wp-json\/wp\/v2\/comments?post=4499"}],"version-history":[{"count":1,"href":"https:\/\/opalaventure.com\/en\/wp-json\/wp\/v2\/pages\/4499\/revisions"}],"predecessor-version":[{"id":4502,"href":"https:\/\/opalaventure.com\/en\/wp-json\/wp\/v2\/pages\/4499\/revisions\/4502"}],"wp:attachment":[{"href":"https:\/\/opalaventure.com\/en\/wp-json\/wp\/v2\/media?parent=4499"}],"curies":[{"name":"wp","href":"https:\/\/api.w.org\/{rel}","templated":true}]}}