{"id":446,"date":"2023-02-01T15:49:11","date_gmt":"2023-02-01T14:49:11","guid":{"rendered":"https:\/\/opalaventure.com\/?page_id=446"},"modified":"2026-03-11T09:59:33","modified_gmt":"2026-03-11T08:59:33","slug":"opalaventure-parcours-baby","status":"publish","type":"page","link":"https:\/\/opalaventure.com\/en\/opalaventure-parcours-baby\/","title":{"rendered":"Parcours baby"},"content":{"rendered":"<div data-elementor-type=\"wp-page\" data-elementor-id=\"446\" class=\"elementor elementor-446\" data-elementor-post-type=\"page\">\n\t\t\t\t\t\t<section class=\"elementor-section elementor-top-section elementor-element elementor-element-54b6668 elementor-section-boxed elementor-section-height-default elementor-section-height-default\" data-id=\"54b6668\" data-element_type=\"section\" data-e-type=\"section\" data-settings=\"{&quot;background_background&quot;:&quot;classic&quot;}\">\n\t\t\t\t\t\t<div class=\"elementor-container elementor-column-gap-default\">\n\t\t\t\t\t<div class=\"elementor-column elementor-col-50 elementor-top-column elementor-element elementor-element-312dada\" data-id=\"312dada\" data-element_type=\"column\" data-e-type=\"column\">\n\t\t\t<div class=\"elementor-widget-wrap elementor-element-populated\">\n\t\t\t\t\t\t<div class=\"elementor-element elementor-element-683ee94 elementor-widget elementor-widget-text-editor\" data-id=\"683ee94\" data-element_type=\"widget\" data-e-type=\"widget\" data-widget_type=\"text-editor.default\">\n\t\t\t\t<div class=\"elementor-widget-container\">\n\t\t\t\t\t\t\t\t\t<p>Parcours baby<\/p>\t\t\t\t\t\t\t\t<\/div>\n\t\t\t\t<\/div>\n\t\t\t\t<div class=\"elementor-element elementor-element-49d7c2f elementor-widget elementor-widget-text-editor\" data-id=\"49d7c2f\" data-element_type=\"widget\" data-e-type=\"widget\" data-widget_type=\"text-editor.default\">\n\t\t\t\t<div class=\"elementor-widget-container\">\n\t\t\t\t\t\t\t\t\t<p>Une initiation \u00e0 l&rsquo;aventure pour les moins de 5 ans<\/p>\t\t\t\t\t\t\t\t<\/div>\n\t\t\t\t<\/div>\n\t\t\t\t<div class=\"elementor-element elementor-element-280f689 elementor-widget elementor-widget-text-editor\" data-id=\"280f689\" data-element_type=\"widget\" data-e-type=\"widget\" data-widget_type=\"text-editor.default\">\n\t\t\t\t<div class=\"elementor-widget-container\">\n\t\t\t\t\t\t\t\t\t<p><strong>20 ateliers uniquement sur r\u00e9servation.<br \/>Se pr\u00e9senter 10 minutes avant le d\u00e9part !<\/strong><\/p>\t\t\t\t\t\t\t\t<\/div>\n\t\t\t\t<\/div>\n\t\t\t\t<div class=\"elementor-element elementor-element-dec8d20 elementor-widget elementor-widget-button\" data-id=\"dec8d20\" data-element_type=\"widget\" data-e-type=\"widget\" data-widget_type=\"button.default\">\n\t\t\t\t<div class=\"elementor-widget-container\">\n\t\t\t\t\t\t\t\t\t<div class=\"elementor-button-wrapper\">\n\t\t\t\t\t<a class=\"elementor-button elementor-button-link elementor-size-sm\" href=\"https:\/\/opalaventure.com\/en\/tarifs-reservations\/\">\n\t\t\t\t\t\t<span class=\"elementor-button-content-wrapper\">\n\t\t\t\t\t\t\t\t\t<span class=\"elementor-button-text\">R\u00e9server<\/span>\n\t\t\t\t\t<\/span>\n\t\t\t\t\t<\/a>\n\t\t\t\t<\/div>\n\t\t\t\t\t\t\t\t<\/div>\n\t\t\t\t<\/div>\n\t\t\t\t\t<\/div>\n\t\t<\/div>\n\t\t\t\t<div class=\"elementor-column elementor-col-50 elementor-top-column elementor-element elementor-element-b8f3aba\" data-id=\"b8f3aba\" data-element_type=\"column\" data-e-type=\"column\">\n\t\t\t<div class=\"elementor-widget-wrap elementor-element-populated\">\n\t\t\t\t\t\t<div class=\"elementor-element elementor-element-8d0b5c1 elementor-widget elementor-widget-image\" data-id=\"8d0b5c1\" data-element_type=\"widget\" data-e-type=\"widget\" data-widget_type=\"image.default\">\n\t\t\t\t<div class=\"elementor-widget-container\">\n\t\t\t\t\t\t\t\t\t\t\t\t\t\t\t<img fetchpriority=\"high\" decoding=\"async\" width=\"800\" height=\"448\" src=\"https:\/\/opalaventure.com\/wp-content\/uploads\/2023\/02\/parcours-baby.jpg\" class=\"attachment-large size-large wp-image-559\" alt=\"\" srcset=\"https:\/\/opalaventure.com\/wp-content\/uploads\/2023\/02\/parcours-baby.jpg 920w, https:\/\/opalaventure.com\/wp-content\/uploads\/2023\/02\/parcours-baby-300x168.jpg 300w, https:\/\/opalaventure.com\/wp-content\/uploads\/2023\/02\/parcours-baby-768x430.jpg 768w, https:\/\/opalaventure.com\/wp-content\/uploads\/2023\/02\/parcours-baby-18x10.jpg 18w\" sizes=\"(max-width: 800px) 100vw, 800px\" \/>\t\t\t\t\t\t\t\t\t\t\t\t\t\t\t<\/div>\n\t\t\t\t<\/div>\n\t\t\t\t\t<\/div>\n\t\t<\/div>\n\t\t\t\t\t<\/div>\n\t\t<\/section>\n\t\t\t\t<section class=\"elementor-section elementor-top-section elementor-element elementor-element-5a780ce elementor-section-boxed elementor-section-height-default elementor-section-height-default\" data-id=\"5a780ce\" data-element_type=\"section\" data-e-type=\"section\" data-settings=\"{&quot;background_background&quot;:&quot;classic&quot;}\">\n\t\t\t\t\t\t<div class=\"elementor-container elementor-column-gap-default\">\n\t\t\t\t\t<div class=\"elementor-column elementor-col-20 elementor-top-column elementor-element elementor-element-9b8520b\" data-id=\"9b8520b\" data-element_type=\"column\" data-e-type=\"column\">\n\t\t\t<div class=\"elementor-widget-wrap elementor-element-populated\">\n\t\t\t\t\t\t<div class=\"elementor-element elementor-element-b7734c4 elementor-widget elementor-widget-image\" data-id=\"b7734c4\" data-element_type=\"widget\" data-e-type=\"widget\" data-widget_type=\"image.default\">\n\t\t\t\t<div class=\"elementor-widget-container\">\n\t\t\t\t\t\t\t\t\t\t\t\t\t\t\t<img decoding=\"async\" width=\"600\" height=\"600\" src=\"https:\/\/opalaventure.com\/wp-content\/uploads\/2023\/02\/OPALA-AGE-1.png\" class=\"attachment-large size-large wp-image-547\" alt=\"\" srcset=\"https:\/\/opalaventure.com\/wp-content\/uploads\/2023\/02\/OPALA-AGE-1.png 600w, https:\/\/opalaventure.com\/wp-content\/uploads\/2023\/02\/OPALA-AGE-1-300x300.png 300w, https:\/\/opalaventure.com\/wp-content\/uploads\/2023\/02\/OPALA-AGE-1-150x150.png 150w, https:\/\/opalaventure.com\/wp-content\/uploads\/2023\/02\/OPALA-AGE-1-12x12.png 12w\" sizes=\"(max-width: 600px) 100vw, 600px\" \/>\t\t\t\t\t\t\t\t\t\t\t\t\t\t\t<\/div>\n\t\t\t\t<\/div>\n\t\t\t\t<div class=\"elementor-element elementor-element-acd047f elementor-widget elementor-widget-text-editor\" data-id=\"acd047f\" data-element_type=\"widget\" data-e-type=\"widget\" data-widget_type=\"text-editor.default\">\n\t\t\t\t<div class=\"elementor-widget-container\">\n\t\t\t\t\t\t\t\t\t<p>\u00c2ges requis<\/p>\t\t\t\t\t\t\t\t<\/div>\n\t\t\t\t<\/div>\n\t\t\t\t<div class=\"elementor-element elementor-element-4347368 elementor-widget elementor-widget-text-editor\" data-id=\"4347368\" data-element_type=\"widget\" data-e-type=\"widget\" data-widget_type=\"text-editor.default\">\n\t\t\t\t<div class=\"elementor-widget-container\">\n\t\t\t\t\t\t\t\t\t<p>1 an<\/p><p>(savoir marcher)<\/p>\t\t\t\t\t\t\t\t<\/div>\n\t\t\t\t<\/div>\n\t\t\t\t\t<\/div>\n\t\t<\/div>\n\t\t\t\t<div class=\"elementor-column elementor-col-20 elementor-top-column elementor-element elementor-element-0207c77\" data-id=\"0207c77\" data-element_type=\"column\" data-e-type=\"column\">\n\t\t\t<div class=\"elementor-widget-wrap elementor-element-populated\">\n\t\t\t\t\t\t<div class=\"elementor-element elementor-element-1912b95 elementor-widget elementor-widget-image\" data-id=\"1912b95\" data-element_type=\"widget\" data-e-type=\"widget\" data-widget_type=\"image.default\">\n\t\t\t\t<div class=\"elementor-widget-container\">\n\t\t\t\t\t\t\t\t\t\t\t\t\t\t\t<img decoding=\"async\" width=\"600\" height=\"600\" src=\"https:\/\/opalaventure.com\/wp-content\/uploads\/2023\/02\/OPALA-DUREE.png\" class=\"attachment-large size-large wp-image-546\" alt=\"\" srcset=\"https:\/\/opalaventure.com\/wp-content\/uploads\/2023\/02\/OPALA-DUREE.png 600w, https:\/\/opalaventure.com\/wp-content\/uploads\/2023\/02\/OPALA-DUREE-300x300.png 300w, https:\/\/opalaventure.com\/wp-content\/uploads\/2023\/02\/OPALA-DUREE-150x150.png 150w, https:\/\/opalaventure.com\/wp-content\/uploads\/2023\/02\/OPALA-DUREE-12x12.png 12w\" sizes=\"(max-width: 600px) 100vw, 600px\" \/>\t\t\t\t\t\t\t\t\t\t\t\t\t\t\t<\/div>\n\t\t\t\t<\/div>\n\t\t\t\t<div class=\"elementor-element elementor-element-d3ef530 elementor-widget elementor-widget-text-editor\" data-id=\"d3ef530\" data-element_type=\"widget\" data-e-type=\"widget\" data-widget_type=\"text-editor.default\">\n\t\t\t\t<div class=\"elementor-widget-container\">\n\t\t\t\t\t\t\t\t\t<p>Temps estim\u00e9<\/p>\t\t\t\t\t\t\t\t<\/div>\n\t\t\t\t<\/div>\n\t\t\t\t<div class=\"elementor-element elementor-element-19f6755 elementor-widget elementor-widget-text-editor\" data-id=\"19f6755\" data-element_type=\"widget\" data-e-type=\"widget\" data-widget_type=\"text-editor.default\">\n\t\t\t\t<div class=\"elementor-widget-container\">\n\t\t\t\t\t\t\t\t\t<p>En illimit\u00e9<\/p>\t\t\t\t\t\t\t\t<\/div>\n\t\t\t\t<\/div>\n\t\t\t\t\t<\/div>\n\t\t<\/div>\n\t\t\t\t<div class=\"elementor-column elementor-col-20 elementor-top-column elementor-element elementor-element-02e46c2\" data-id=\"02e46c2\" data-element_type=\"column\" data-e-type=\"column\">\n\t\t\t<div class=\"elementor-widget-wrap elementor-element-populated\">\n\t\t\t\t\t\t<div class=\"elementor-element elementor-element-f22a167 elementor-widget elementor-widget-image\" data-id=\"f22a167\" data-element_type=\"widget\" data-e-type=\"widget\" data-widget_type=\"image.default\">\n\t\t\t\t<div class=\"elementor-widget-container\">\n\t\t\t\t\t\t\t\t\t\t\t\t\t\t\t<img loading=\"lazy\" decoding=\"async\" width=\"600\" height=\"600\" src=\"https:\/\/opalaventure.com\/wp-content\/uploads\/2023\/02\/OPALA-ALTI.png\" class=\"attachment-large size-large wp-image-542\" alt=\"\" srcset=\"https:\/\/opalaventure.com\/wp-content\/uploads\/2023\/02\/OPALA-ALTI.png 600w, https:\/\/opalaventure.com\/wp-content\/uploads\/2023\/02\/OPALA-ALTI-300x300.png 300w, https:\/\/opalaventure.com\/wp-content\/uploads\/2023\/02\/OPALA-ALTI-150x150.png 150w, https:\/\/opalaventure.com\/wp-content\/uploads\/2023\/02\/OPALA-ALTI-12x12.png 12w\" sizes=\"(max-width: 600px) 100vw, 600px\" \/>\t\t\t\t\t\t\t\t\t\t\t\t\t\t\t<\/div>\n\t\t\t\t<\/div>\n\t\t\t\t<div class=\"elementor-element elementor-element-92f71d7 elementor-widget elementor-widget-text-editor\" data-id=\"92f71d7\" data-element_type=\"widget\" data-e-type=\"widget\" data-widget_type=\"text-editor.default\">\n\t\t\t\t<div class=\"elementor-widget-container\">\n\t\t\t\t\t\t\t\t\t<p>Altitude<\/p>\t\t\t\t\t\t\t\t<\/div>\n\t\t\t\t<\/div>\n\t\t\t\t<div class=\"elementor-element elementor-element-72dcc70 elementor-widget elementor-widget-text-editor\" data-id=\"72dcc70\" data-element_type=\"widget\" data-e-type=\"widget\" data-widget_type=\"text-editor.default\">\n\t\t\t\t<div class=\"elementor-widget-container\">\n\t\t\t\t\t\t\t\t\t<p>Ras du sol<\/p>\t\t\t\t\t\t\t\t<\/div>\n\t\t\t\t<\/div>\n\t\t\t\t\t<\/div>\n\t\t<\/div>\n\t\t\t\t<div class=\"elementor-column elementor-col-20 elementor-top-column elementor-element elementor-element-3f2c888\" data-id=\"3f2c888\" data-element_type=\"column\" data-e-type=\"column\">\n\t\t\t<div class=\"elementor-widget-wrap elementor-element-populated\">\n\t\t\t\t\t\t<div class=\"elementor-element elementor-element-402abe1 elementor-widget elementor-widget-image\" data-id=\"402abe1\" data-element_type=\"widget\" data-e-type=\"widget\" data-widget_type=\"image.default\">\n\t\t\t\t<div class=\"elementor-widget-container\">\n\t\t\t\t\t\t\t\t\t\t\t\t\t\t\t<img loading=\"lazy\" decoding=\"async\" width=\"600\" height=\"600\" src=\"https:\/\/opalaventure.com\/wp-content\/uploads\/2023\/02\/OPALA-BAS-ACTI.png\" class=\"attachment-large size-large wp-image-545\" alt=\"\" srcset=\"https:\/\/opalaventure.com\/wp-content\/uploads\/2023\/02\/OPALA-BAS-ACTI.png 600w, https:\/\/opalaventure.com\/wp-content\/uploads\/2023\/02\/OPALA-BAS-ACTI-300x300.png 300w, https:\/\/opalaventure.com\/wp-content\/uploads\/2023\/02\/OPALA-BAS-ACTI-150x150.png 150w, https:\/\/opalaventure.com\/wp-content\/uploads\/2023\/02\/OPALA-BAS-ACTI-12x12.png 12w\" sizes=\"(max-width: 600px) 100vw, 600px\" \/>\t\t\t\t\t\t\t\t\t\t\t\t\t\t\t<\/div>\n\t\t\t\t<\/div>\n\t\t\t\t<div class=\"elementor-element elementor-element-bc4578e elementor-widget elementor-widget-text-editor\" data-id=\"bc4578e\" data-element_type=\"widget\" data-e-type=\"widget\" data-widget_type=\"text-editor.default\">\n\t\t\t\t<div class=\"elementor-widget-container\">\n\t\t\t\t\t\t\t\t\t<p>Tenue sportive<\/p>\t\t\t\t\t\t\t\t<\/div>\n\t\t\t\t<\/div>\n\t\t\t\t<div class=\"elementor-element elementor-element-2651292 elementor-widget elementor-widget-text-editor\" data-id=\"2651292\" data-element_type=\"widget\" data-e-type=\"widget\" data-widget_type=\"text-editor.default\">\n\t\t\t\t<div class=\"elementor-widget-container\">\n\t\t\t\t\t\t\t\t\t<p>BASKETS<\/p>\t\t\t\t\t\t\t\t<\/div>\n\t\t\t\t<\/div>\n\t\t\t\t\t<\/div>\n\t\t<\/div>\n\t\t\t\t<div class=\"elementor-column elementor-col-20 elementor-top-column elementor-element elementor-element-2be506e\" data-id=\"2be506e\" data-element_type=\"column\" data-e-type=\"column\">\n\t\t\t<div class=\"elementor-widget-wrap elementor-element-populated\">\n\t\t\t\t\t\t<div class=\"elementor-element elementor-element-314485a elementor-widget elementor-widget-image\" data-id=\"314485a\" data-element_type=\"widget\" data-e-type=\"widget\" data-widget_type=\"image.default\">\n\t\t\t\t<div class=\"elementor-widget-container\">\n\t\t\t\t\t\t\t\t\t\t\t\t\t\t\t<img decoding=\"async\" width=\"600\" height=\"600\" src=\"https:\/\/opalaventure.com\/wp-content\/uploads\/2023\/02\/OPALA-AGE-1.png\" class=\"attachment-large size-large wp-image-547\" alt=\"\" srcset=\"https:\/\/opalaventure.com\/wp-content\/uploads\/2023\/02\/OPALA-AGE-1.png 600w, https:\/\/opalaventure.com\/wp-content\/uploads\/2023\/02\/OPALA-AGE-1-300x300.png 300w, https:\/\/opalaventure.com\/wp-content\/uploads\/2023\/02\/OPALA-AGE-1-150x150.png 150w, https:\/\/opalaventure.com\/wp-content\/uploads\/2023\/02\/OPALA-AGE-1-12x12.png 12w\" sizes=\"(max-width: 600px) 100vw, 600px\" \/>\t\t\t\t\t\t\t\t\t\t\t\t\t\t\t<\/div>\n\t\t\t\t<\/div>\n\t\t\t\t<div class=\"elementor-element elementor-element-03185f7 elementor-widget-mobile__width-initial elementor-widget elementor-widget-text-editor\" data-id=\"03185f7\" data-element_type=\"widget\" data-e-type=\"widget\" data-widget_type=\"text-editor.default\">\n\t\t\t\t<div class=\"elementor-widget-container\">\n\t\t\t\t\t\t\t\t\t<p>Accompagnement<\/p>\t\t\t\t\t\t\t\t<\/div>\n\t\t\t\t<\/div>\n\t\t\t\t<div class=\"elementor-element elementor-element-3ce1ae5 elementor-widget-mobile__width-initial elementor-widget elementor-widget-text-editor\" data-id=\"3ce1ae5\" data-element_type=\"widget\" data-e-type=\"widget\" data-widget_type=\"text-editor.default\">\n\t\t\t\t<div class=\"elementor-widget-container\">\n\t\t\t\t\t\t\t\t\t<p>Surveillance des parents<\/p>\t\t\t\t\t\t\t\t<\/div>\n\t\t\t\t<\/div>\n\t\t\t\t\t<\/div>\n\t\t<\/div>\n\t\t\t\t\t<\/div>\n\t\t<\/section>\n\t\t\t\t<section class=\"elementor-section elementor-top-section elementor-element elementor-element-586b1af elementor-section-boxed elementor-section-height-default elementor-section-height-default\" data-id=\"586b1af\" data-element_type=\"section\" data-e-type=\"section\" data-settings=\"{&quot;background_background&quot;:&quot;classic&quot;}\">\n\t\t\t\t\t\t<div class=\"elementor-container elementor-column-gap-default\">\n\t\t\t\t\t<div class=\"elementor-column elementor-col-100 elementor-top-column elementor-element elementor-element-7f33102\" data-id=\"7f33102\" data-element_type=\"column\" data-e-type=\"column\">\n\t\t\t<div class=\"elementor-widget-wrap elementor-element-populated\">\n\t\t\t\t\t\t<div class=\"elementor-element elementor-element-8358bf5 elementor-widget elementor-widget-text-editor\" data-id=\"8358bf5\" data-element_type=\"widget\" data-e-type=\"widget\" data-widget_type=\"text-editor.default\">\n\t\t\t\t<div class=\"elementor-widget-container\">\n\t\t\t\t\t\t\t\t\t<p>La formule baby comprend 1 parcours d&rsquo;une vingtaine d&rsquo;ateliers au ras du sol.<\/p><p>Les enfants de moins de 5 ans ont la possibilit\u00e9 de s&rsquo;initier \u00e0 l&rsquo;accrobranche accompagn\u00e9 de leurs parents pour une dur\u00e9e illimit\u00e9e !<\/p><p>Opalaventure fut l&rsquo;un des premiers parcs en France \u00e0 proposer cette activit\u00e9 aux plus petits, pour leur<br \/>plus grand plaisir !<\/p>\t\t\t\t\t\t\t\t<\/div>\n\t\t\t\t<\/div>\n\t\t\t\t<div class=\"elementor-element elementor-element-9cc396f elementor-widget-divider--separator-type-pattern elementor-widget-divider--no-spacing elementor-widget-divider--view-line elementor-widget elementor-widget-divider\" data-id=\"9cc396f\" data-element_type=\"widget\" data-e-type=\"widget\" data-widget_type=\"divider.default\">\n\t\t\t\t<div class=\"elementor-widget-container\">\n\t\t\t\t\t\t\t<div class=\"elementor-divider\" style=\"--divider-pattern-url: url(&quot;data:image\/svg+xml,%3Csvg xmlns=&#039;http:\/\/www.w3.org\/2000\/svg&#039; preserveAspectRatio=&#039;xMidYMid meet&#039; overflow=&#039;visible&#039; height=&#039;100%&#039; viewBox=&#039;0 0 120 26&#039; fill=&#039;black&#039; stroke=&#039;none&#039;%3E%3Cpolygon points=&#039;0,14.4 0,21 11.5,12.4 21.3,20 30.4,11.1 40.3,20 51,12.4 60.6,20 69.6,11.1 79.3,20 90.1,12.4 99.6,20 109.7,11.1 120,21 120,14.4 109.7,5 99.6,13 90.1,5 79.3,14.5 71,5.7 60.6,12.4 51,5 40.3,14.5 31.1,5 21.3,13 11.5,5 \t&#039;\/%3E%3C\/svg%3E&quot;);\">\n\t\t\t<span class=\"elementor-divider-separator\">\n\t\t\t\t\t\t<\/span>\n\t\t<\/div>\n\t\t\t\t\t\t<\/div>\n\t\t\t\t<\/div>\n\t\t\t\t<div class=\"elementor-element elementor-element-e3fc7dd elementor-widget elementor-widget-text-editor\" data-id=\"e3fc7dd\" data-element_type=\"widget\" data-e-type=\"widget\" data-widget_type=\"text-editor.default\">\n\t\t\t\t<div class=\"elementor-widget-container\">\n\t\t\t\t\t\t\t\t\t<h3>Comment se d\u00e9roule l&rsquo;activit\u00e9 ?<\/h3>\t\t\t\t\t\t\t\t<\/div>\n\t\t\t\t<\/div>\n\t\t\t\t<div class=\"elementor-element elementor-element-24a83d4 elementor-widget elementor-widget-text-editor\" data-id=\"24a83d4\" data-element_type=\"widget\" data-e-type=\"widget\" data-widget_type=\"text-editor.default\">\n\t\t\t\t<div class=\"elementor-widget-container\">\n\t\t\t\t\t\t\t\t\t<p><strong>1\u00e8re \u00c9tape : L&rsquo;\u00e9quipement<\/strong><br \/>Un op\u00e9rateur s&rsquo;occupe d&rsquo;\u00e9quiper l&rsquo;enfant d&rsquo;un casque qui assurera<br \/>sa s\u00e9curit\u00e9 durant toute l&rsquo;activit\u00e9 (EPI).<\/p><p><strong>2\u00e8me \u00c9tape : La pr\u00e9sentation du parcours aux parents<\/strong><br \/>Le r\u00f4le des parents est d&rsquo;accompagner les enfants durant toute la dur\u00e9e de l&rsquo;activit\u00e9.<\/p><p><strong>3\u00e8me \u00c9tape : Que l&rsquo;aventure commence<\/strong><br \/>Il n&rsquo;y a pas de limite de temps sur le parcours.<br \/>Un op\u00e9rateur Opalaventure n&rsquo;est jamais loin si besoin.<\/p>\t\t\t\t\t\t\t\t<\/div>\n\t\t\t\t<\/div>\n\t\t\t\t<div class=\"elementor-element elementor-element-c3d5fe7 elementor-widget elementor-widget-text-editor\" data-id=\"c3d5fe7\" data-element_type=\"widget\" data-e-type=\"widget\" data-widget_type=\"text-editor.default\">\n\t\t\t\t<div class=\"elementor-widget-container\">\n\t\t\t\t\t\t\t\t\t<p>Les m\u00eames ateliers que les grands !<\/p>\t\t\t\t\t\t\t\t<\/div>\n\t\t\t\t<\/div>\n\t\t\t\t<div class=\"elementor-element elementor-element-63dc1ca elementor-widget elementor-widget-text-editor\" data-id=\"63dc1ca\" data-element_type=\"widget\" data-e-type=\"widget\" data-widget_type=\"text-editor.default\">\n\t\t\t\t<div class=\"elementor-widget-container\">\n\t\t\t\t\t\t\t\t\t<p>Toboggan, pont de singe, filet suspendu, tonneau&#8230; Pour finir par une tyrolienne bien s\u00fbr ! Les enfants en redemandent.<\/p><p>Le parcours a \u00e9t\u00e9 con\u00e7u dans la m\u00eame id\u00e9e que les parcours enfant, \u00e0 la seule exception que l&rsquo;on \u00e9volue au ras du sol.<br \/>Il s&rsquo;agit donc d&rsquo;une bonne initiation avant de pouvoir commencer \u00e0 grimper en hauteur d\u00e8s l&rsquo;\u00e2ge de 5 ans.<\/p>\t\t\t\t\t\t\t\t<\/div>\n\t\t\t\t<\/div>\n\t\t\t\t\t<\/div>\n\t\t<\/div>\n\t\t\t\t\t<\/div>\n\t\t<\/section>\n\t\t\t\t<\/div>","protected":false},"excerpt":{"rendered":"<p>Parcours baby Une initiation \u00e0 l&rsquo;aventure pour les moins de 5 ans 20 ateliers uniquement sur r\u00e9servation.Se pr\u00e9senter 10 minutes avant le d\u00e9part ! R\u00e9server \u00c2ges requis 1 an (savoir marcher) Temps estim\u00e9 En illimit\u00e9 Altitude Ras du sol Tenue sportive BASKETS Accompagnement Surveillance des parents La formule baby comprend 1 parcours d&rsquo;une vingtaine d&rsquo;ateliers [&hellip;]<\/p>\n","protected":false},"author":2,"featured_media":0,"parent":0,"menu_order":0,"comment_status":"closed","ping_status":"closed","template":"","meta":{"footnotes":""},"class_list":["post-446","page","type-page","status-publish","hentry"],"_links":{"self":[{"href":"https:\/\/opalaventure.com\/en\/wp-json\/wp\/v2\/pages\/446","targetHints":{"allow":["GET"]}}],"collection":[{"href":"https:\/\/opalaventure.com\/en\/wp-json\/wp\/v2\/pages"}],"about":[{"href":"https:\/\/opalaventure.com\/en\/wp-json\/wp\/v2\/types\/page"}],"author":[{"embeddable":true,"href":"https:\/\/opalaventure.com\/en\/wp-json\/wp\/v2\/users\/2"}],"replies":[{"embeddable":true,"href":"https:\/\/opalaventure.com\/en\/wp-json\/wp\/v2\/comments?post=446"}],"version-history":[{"count":180,"href":"https:\/\/opalaventure.com\/en\/wp-json\/wp\/v2\/pages\/446\/revisions"}],"predecessor-version":[{"id":4418,"href":"https:\/\/opalaventure.com\/en\/wp-json\/wp\/v2\/pages\/446\/revisions\/4418"}],"wp:attachment":[{"href":"https:\/\/opalaventure.com\/en\/wp-json\/wp\/v2\/media?parent=446"}],"curies":[{"name":"wp","href":"https:\/\/api.w.org\/{rel}","templated":true}]}}