{"id":3479,"date":"2026-02-16T15:59:13","date_gmt":"2026-02-16T14:59:13","guid":{"rendered":"https:\/\/opalaventure.com\/?page_id=3479"},"modified":"2026-03-25T15:49:20","modified_gmt":"2026-03-25T14:49:20","slug":"notre-blog","status":"publish","type":"page","link":"https:\/\/opalaventure.com\/en\/notre-blog\/","title":{"rendered":"Notre blog"},"content":{"rendered":"<div data-elementor-type=\"wp-page\" data-elementor-id=\"3479\" class=\"elementor elementor-3479\" data-elementor-post-type=\"page\">\n\t\t\t\t\t\t<section class=\"elementor-section elementor-top-section elementor-element elementor-element-8eeab2a elementor-section-boxed elementor-section-height-default elementor-section-height-default\" data-id=\"8eeab2a\" data-element_type=\"section\" data-e-type=\"section\">\n\t\t\t\t\t\t<div class=\"elementor-container elementor-column-gap-default\">\n\t\t\t\t\t<div class=\"elementor-column elementor-col-100 elementor-top-column elementor-element elementor-element-f311620\" data-id=\"f311620\" data-element_type=\"column\" data-e-type=\"column\">\n\t\t\t<div class=\"elementor-widget-wrap elementor-element-populated\">\n\t\t\t\t\t\t<div class=\"elementor-element elementor-element-6f54f9c elementor-widget elementor-widget-heading\" data-id=\"6f54f9c\" data-element_type=\"widget\" data-e-type=\"widget\" data-widget_type=\"heading.default\">\n\t\t\t\t<div class=\"elementor-widget-container\">\n\t\t\t\t\t<h1 class=\"elementor-heading-title elementor-size-default\">L'actualit\u00e9 Opalaventure<\/h1>\t\t\t\t<\/div>\n\t\t\t\t<\/div>\n\t\t\t\t<div class=\"elementor-element elementor-element-84a7a27 elementor-widget-divider--separator-type-pattern elementor-widget-divider--no-spacing elementor-widget-divider--view-line elementor-widget elementor-widget-divider\" data-id=\"84a7a27\" data-element_type=\"widget\" data-e-type=\"widget\" data-widget_type=\"divider.default\">\n\t\t\t\t<div class=\"elementor-widget-container\">\n\t\t\t\t\t\t\t<div class=\"elementor-divider\" style=\"--divider-pattern-url: url(&quot;data:image\/svg+xml,%3Csvg xmlns=&#039;http:\/\/www.w3.org\/2000\/svg&#039; preserveAspectRatio=&#039;xMidYMid meet&#039; overflow=&#039;visible&#039; height=&#039;100%&#039; viewBox=&#039;0 0 123 26&#039; fill=&#039;black&#039; stroke=&#039;none&#039;%3E%3Cpath d=&#039;M6.4,2l4.2,5.7H7.7v2.7l3.8,5.2l-3.8,0v7.8H4.8v-7.8H0l4.8-5.2V7.7H1.1L6.4,2z M25.6,2L31,7.7h-3.7v2.7l4.8,5.2h-4.8v7.8h-2.8v-7.8l-3.8,0l3.8-5.2V7.7h-2.9L25.6,2z M47.5,2l4.2,5.7h-3.3v2.7l3.8,5.2l-3.8,0l0.4,7.8h-2.8v-7.8H41l4.8-5.2V7.7h-3.7L47.5,2z M66.2,2l5.4,5.7h-3.7v2.7l4.8,5.2h-4.8v7.8H65v-7.8l-3.8,0l3.8-5.2V7.7h-2.9L66.2,2zM87.4,2l4.8,5.7h-2.9v3.1l3.8,4.8l-3.8,0v7.8h-2.8v-7.8h-4.8l4.8-4.8V7.7h-3.7L87.4,2z M107.3,2l5.4,5.7h-3.7v2.7l4.8,5.2h-4.8v7.8H106v-7.8l-3.8,0l3.8-5.2V7.7h-2.9L107.3,2z&#039;\/%3E%3C\/svg%3E&quot;);\">\n\t\t\t<span class=\"elementor-divider-separator\">\n\t\t\t\t\t\t<\/span>\n\t\t<\/div>\n\t\t\t\t\t\t<\/div>\n\t\t\t\t<\/div>\n\t\t\t\t\t<\/div>\n\t\t<\/div>\n\t\t\t\t\t<\/div>\n\t\t<\/section>\n\t\t\t\t<section class=\"elementor-section elementor-top-section elementor-element elementor-element-7308dcb elementor-section-boxed elementor-section-height-default elementor-section-height-default\" data-id=\"7308dcb\" data-element_type=\"section\" data-e-type=\"section\">\n\t\t\t\t\t\t<div class=\"elementor-container elementor-column-gap-default\">\n\t\t\t\t\t<div class=\"elementor-column elementor-col-100 elementor-top-column elementor-element elementor-element-40c4c3e\" data-id=\"40c4c3e\" data-element_type=\"column\" data-e-type=\"column\">\n\t\t\t<div class=\"elementor-widget-wrap elementor-element-populated\">\n\t\t\t\t\t\t<div class=\"elementor-element elementor-element-57ccf29 elementor-grid-1 elementor-posts--thumbnail-left elementor-grid-tablet-2 elementor-grid-mobile-1 elementor-widget elementor-widget-posts\" data-id=\"57ccf29\" data-element_type=\"widget\" data-e-type=\"widget\" data-settings=\"{&quot;classic_columns&quot;:&quot;1&quot;,&quot;classic_columns_tablet&quot;:&quot;2&quot;,&quot;classic_columns_mobile&quot;:&quot;1&quot;,&quot;classic_row_gap&quot;:{&quot;unit&quot;:&quot;px&quot;,&quot;size&quot;:35,&quot;sizes&quot;:[]},&quot;classic_row_gap_tablet&quot;:{&quot;unit&quot;:&quot;px&quot;,&quot;size&quot;:&quot;&quot;,&quot;sizes&quot;:[]},&quot;classic_row_gap_mobile&quot;:{&quot;unit&quot;:&quot;px&quot;,&quot;size&quot;:&quot;&quot;,&quot;sizes&quot;:[]}}\" data-widget_type=\"posts.classic\">\n\t\t\t\t<div class=\"elementor-widget-container\">\n\t\t\t\t\t\t\t<div class=\"elementor-posts-container elementor-posts elementor-posts--skin-classic elementor-grid\" role=\"list\">\n\t\t\t\t<article class=\"elementor-post elementor-grid-item post-4570 post type-post status-publish format-standard has-post-thumbnail hentry category-non-classe\" role=\"listitem\">\n\t\t\t\t<a class=\"elementor-post__thumbnail__link\" href=\"https:\/\/opalaventure.com\/en\/activites-avril-cote-dopale\/\" tabindex=\"-1\" >\n\t\t\t<div class=\"elementor-post__thumbnail\"><img fetchpriority=\"high\" decoding=\"async\" width=\"2048\" height=\"1536\" src=\"https:\/\/opalaventure.com\/wp-content\/uploads\/2025\/07\/IMG_9601.jpg\" class=\"attachment-2048x2048 size-2048x2048 wp-image-2239\" alt=\"accrobranche-enfants-le-touquet\" srcset=\"https:\/\/opalaventure.com\/wp-content\/uploads\/2025\/07\/IMG_9601.jpg 2048w, https:\/\/opalaventure.com\/wp-content\/uploads\/2025\/07\/IMG_9601-300x225.jpg 300w, https:\/\/opalaventure.com\/wp-content\/uploads\/2025\/07\/IMG_9601-1024x768.jpg 1024w, https:\/\/opalaventure.com\/wp-content\/uploads\/2025\/07\/IMG_9601-768x576.jpg 768w, https:\/\/opalaventure.com\/wp-content\/uploads\/2025\/07\/IMG_9601-1536x1152.jpg 1536w, https:\/\/opalaventure.com\/wp-content\/uploads\/2025\/07\/IMG_9601-16x12.jpg 16w\" sizes=\"(max-width: 2048px) 100vw, 2048px\" \/><\/div>\n\t\t<\/a>\n\t\t\t\t<div class=\"elementor-post__text\">\n\t\t\t\t<h3 class=\"elementor-post__title\">\n\t\t\t<a href=\"https:\/\/opalaventure.com\/en\/activites-avril-cote-dopale\/\" >\n\t\t\t\tVacances d\u2019avril sur la c\u00f4te d&rsquo;Opale : les meilleures activit\u00e9s pour enfants chez Opalaventure (ouvert tous les jours)\t\t\t<\/a>\n\t\t<\/h3>\n\t\t\t\t<div class=\"elementor-post__meta-data\">\n\t\t\t\t\t<span class=\"elementor-post-date\">\n\t\t\t13 April 2026\t\t<\/span>\n\t\t\t\t<span class=\"elementor-post-avatar\">\n\t\t\tNo Comments\t\t<\/span>\n\t\t\t\t<\/div>\n\t\t\t\t<div class=\"elementor-post__excerpt\">\n\t\t\t<p>Vous cherchez quoi faire avec des enfants au Touquet pendant les vacances d\u2019avril ? Bonne nouvelle : avec le retour du printemps, c\u2019est le moment id\u00e9al pour profiter d\u2019activit\u00e9s outdoor fun, s\u00e9curis\u00e9es et accessibles \u00e0 tous. \ud83d\udc49 Direction Opalaventure, le parc multi-activit\u00e9s incontournable, ouvert tous les jours pendant les vacances d\u2019avril. \ud83c\udf33 Le paradis des enfants \u00e0 deux pas du<\/p>\n\t\t<\/div>\n\t\t\n\t\t<a class=\"elementor-post__read-more\" href=\"https:\/\/opalaventure.com\/en\/activites-avril-cote-dopale\/\" aria-label=\"Read more about Vacances d\u2019avril sur la c\u00f4te d&rsquo;Opale : les meilleures activit\u00e9s pour enfants chez Opalaventure (ouvert tous les jours)\" tabindex=\"-1\" >\n\t\t\tLire la suite \u00bb\t\t<\/a>\n\n\t\t\t\t<\/div>\n\t\t\t\t<\/article>\n\t\t\t\t<article class=\"elementor-post elementor-grid-item post-4537 post type-post status-publish format-standard hentry category-non-classe\" role=\"listitem\">\n\t\t\t\t<div class=\"elementor-post__text\">\n\t\t\t\t<h3 class=\"elementor-post__title\">\n\t\t\t<a href=\"https:\/\/opalaventure.com\/en\/lancement-de-la-saison-2026\/\" >\n\t\t\t\tLancement de la saison 2026\t\t\t<\/a>\n\t\t<\/h3>\n\t\t\t\t<div class=\"elementor-post__meta-data\">\n\t\t\t\t\t<span class=\"elementor-post-date\">\n\t\t\t25 March 2026\t\t<\/span>\n\t\t\t\t<span class=\"elementor-post-avatar\">\n\t\t\tNo Comments\t\t<\/span>\n\t\t\t\t<\/div>\n\t\t\t\t<div class=\"elementor-post__excerpt\">\n\t\t\t<p>\ud83c\udf3f Ouverture 2026 : votre parc accrobranche sur la C\u00f4te d\u2019Opale vous attend ! \ud83c\udf3f La saison 2026 est officiellement lanc\u00e9e ! Opalaventure, votre parc multi-activit\u00e9s sur la C\u00f4te d\u2019Opale, ouvre ses portes pour vous faire vivre des moments inoubliables en pleine nature, au c\u0153ur du Pas-de-Calais. \ud83c\udfaf Un parc multi-activit\u00e9s dans le Pas-de-Calais pour tous les aventuriersSitu\u00e9 sur la<\/p>\n\t\t<\/div>\n\t\t\n\t\t<a class=\"elementor-post__read-more\" href=\"https:\/\/opalaventure.com\/en\/lancement-de-la-saison-2026\/\" aria-label=\"Read more about Lancement de la saison 2026\" tabindex=\"-1\" >\n\t\t\tLire la suite \u00bb\t\t<\/a>\n\n\t\t\t\t<\/div>\n\t\t\t\t<\/article>\n\t\t\t\t<article class=\"elementor-post elementor-grid-item post-3471 post type-post status-publish format-standard has-post-thumbnail hentry category-parc-aventure\" role=\"listitem\">\n\t\t\t\t<a class=\"elementor-post__thumbnail__link\" href=\"https:\/\/opalaventure.com\/en\/aventures-en-famille-sur-la-cote-dopale\/\" tabindex=\"-1\" >\n\t\t\t<div class=\"elementor-post__thumbnail\"><img decoding=\"async\" width=\"1920\" height=\"1500\" src=\"https:\/\/opalaventure.com\/wp-content\/uploads\/2025\/07\/5-4.png\" class=\"attachment-2048x2048 size-2048x2048 wp-image-2285\" alt=\"parc aventure sur la c\u00f4te d&#039;opale avec parcours accrobranche\" srcset=\"https:\/\/opalaventure.com\/wp-content\/uploads\/2025\/07\/5-4.png 1920w, https:\/\/opalaventure.com\/wp-content\/uploads\/2025\/07\/5-4-300x234.png 300w, https:\/\/opalaventure.com\/wp-content\/uploads\/2025\/07\/5-4-1024x800.png 1024w, https:\/\/opalaventure.com\/wp-content\/uploads\/2025\/07\/5-4-768x600.png 768w, https:\/\/opalaventure.com\/wp-content\/uploads\/2025\/07\/5-4-1536x1200.png 1536w, https:\/\/opalaventure.com\/wp-content\/uploads\/2025\/07\/5-4-15x12.png 15w\" sizes=\"(max-width: 1920px) 100vw, 1920px\" \/><\/div>\n\t\t<\/a>\n\t\t\t\t<div class=\"elementor-post__text\">\n\t\t\t\t<h3 class=\"elementor-post__title\">\n\t\t\t<a href=\"https:\/\/opalaventure.com\/en\/aventures-en-famille-sur-la-cote-dopale\/\" >\n\t\t\t\tLes meilleures aventures sur la C\u00f4te d\u2019Opale\t\t\t<\/a>\n\t\t<\/h3>\n\t\t\t\t<div class=\"elementor-post__meta-data\">\n\t\t\t\t\t<span class=\"elementor-post-date\">\n\t\t\t16 February 2026\t\t<\/span>\n\t\t\t\t<span class=\"elementor-post-avatar\">\n\t\t\tNo Comments\t\t<\/span>\n\t\t\t\t<\/div>\n\t\t\t\t<div class=\"elementor-post__excerpt\">\n\t\t\t<p>Si vous cherchez une sortie en plein air o\u00f9 toute la famille pourra s\u2019amuser, se d\u00e9penser et d\u00e9couvrir la nature, Opalaventure, \u00e0 quelques minutes du Touquet, est l\u2019endroit id\u00e9al. Ce parc multi-activit\u00e9s propose des aventures adapt\u00e9es \u00e0 tous les \u00e2ges, dans un cadre s\u00e9curis\u00e9 et convivial. Un parc multi-activit\u00e9s pour tous les \u00e2ges Type d\u2019\u00e9tablissement : Parc d\u2019aventures outdoorLocalisation :<\/p>\n\t\t<\/div>\n\t\t\n\t\t<a class=\"elementor-post__read-more\" href=\"https:\/\/opalaventure.com\/en\/aventures-en-famille-sur-la-cote-dopale\/\" aria-label=\"Read more about Les meilleures aventures sur la C\u00f4te d\u2019Opale\" tabindex=\"-1\" >\n\t\t\tLire la suite \u00bb\t\t<\/a>\n\n\t\t\t\t<\/div>\n\t\t\t\t<\/article>\n\t\t\t\t<\/div>\n\t\t\n\t\t\t\t\t\t<\/div>\n\t\t\t\t<\/div>\n\t\t\t\t\t<\/div>\n\t\t<\/div>\n\t\t\t\t\t<\/div>\n\t\t<\/section>\n\t\t\t\t<\/div>","protected":false},"excerpt":{"rendered":"<p>L&rsquo;actualit\u00e9 Opalaventure<\/p>","protected":false},"author":4,"featured_media":0,"parent":0,"menu_order":0,"comment_status":"closed","ping_status":"closed","template":"","meta":{"footnotes":""},"class_list":["post-3479","page","type-page","status-publish","hentry"],"_links":{"self":[{"href":"https:\/\/opalaventure.com\/en\/wp-json\/wp\/v2\/pages\/3479","targetHints":{"allow":["GET"]}}],"collection":[{"href":"https:\/\/opalaventure.com\/en\/wp-json\/wp\/v2\/pages"}],"about":[{"href":"https:\/\/opalaventure.com\/en\/wp-json\/wp\/v2\/types\/page"}],"author":[{"embeddable":true,"href":"https:\/\/opalaventure.com\/en\/wp-json\/wp\/v2\/users\/4"}],"replies":[{"embeddable":true,"href":"https:\/\/opalaventure.com\/en\/wp-json\/wp\/v2\/comments?post=3479"}],"version-history":[{"count":9,"href":"https:\/\/opalaventure.com\/en\/wp-json\/wp\/v2\/pages\/3479\/revisions"}],"predecessor-version":[{"id":4541,"href":"https:\/\/opalaventure.com\/en\/wp-json\/wp\/v2\/pages\/3479\/revisions\/4541"}],"wp:attachment":[{"href":"https:\/\/opalaventure.com\/en\/wp-json\/wp\/v2\/media?parent=3479"}],"curies":[{"name":"wp","href":"https:\/\/api.w.org\/{rel}","templated":true}]}}