{"id":1618,"date":"2025-01-07T16:49:18","date_gmt":"2025-01-07T15:49:18","guid":{"rendered":"https:\/\/opalaventure.com\/?page_id=1618"},"modified":"2026-02-05T16:55:53","modified_gmt":"2026-02-05T15:55:53","slug":"privatisation-sur-mesure","status":"publish","type":"page","link":"https:\/\/opalaventure.com\/en\/privatisation-sur-mesure\/","title":{"rendered":"Privatisation\/sur-mesure"},"content":{"rendered":"<div data-elementor-type=\"wp-page\" data-elementor-id=\"1618\" class=\"elementor elementor-1618\" data-elementor-post-type=\"page\">\n\t\t\t\t\t\t<section class=\"elementor-section elementor-top-section elementor-element elementor-element-886a460 elementor-section-boxed elementor-section-height-default elementor-section-height-default\" data-id=\"886a460\" data-element_type=\"section\" data-e-type=\"section\" data-settings=\"{&quot;background_background&quot;:&quot;classic&quot;}\">\n\t\t\t\t\t\t<div class=\"elementor-container elementor-column-gap-default\">\n\t\t\t\t\t<div class=\"elementor-column elementor-col-33 elementor-top-column elementor-element elementor-element-493edb7\" data-id=\"493edb7\" data-element_type=\"column\" data-e-type=\"column\">\n\t\t\t<div class=\"elementor-widget-wrap elementor-element-populated\">\n\t\t\t\t\t\t<div class=\"elementor-element elementor-element-c209e1c elementor-widget elementor-widget-heading\" data-id=\"c209e1c\" data-element_type=\"widget\" data-e-type=\"widget\" data-widget_type=\"heading.default\">\n\t\t\t\t<div class=\"elementor-widget-container\">\n\t\t\t\t\t<h2 class=\"elementor-heading-title elementor-size-default\">Formule sur mesure ! <\/h2>\t\t\t\t<\/div>\n\t\t\t\t<\/div>\n\t\t\t\t<div class=\"elementor-element elementor-element-c40db7a elementor-widget elementor-widget-text-editor\" data-id=\"c40db7a\" data-element_type=\"widget\" data-e-type=\"widget\" data-widget_type=\"text-editor.default\">\n\t\t\t\t<div class=\"elementor-widget-container\">\n\t\t\t\t\t\t\t\t\t<p>Une \u00e9quipe polyvalente pr\u00eate \u00e0 organiser un \u00e9v\u00e9nement sp\u00e9cifique selon vos attentes !&nbsp;<\/p>\t\t\t\t\t\t\t\t<\/div>\n\t\t\t\t<\/div>\n\t\t\t\t\t<\/div>\n\t\t<\/div>\n\t\t\t\t<div class=\"elementor-column elementor-col-66 elementor-top-column elementor-element elementor-element-9374310\" data-id=\"9374310\" data-element_type=\"column\" data-e-type=\"column\">\n\t\t\t<div class=\"elementor-widget-wrap elementor-element-populated\">\n\t\t\t\t\t\t<div class=\"elementor-element elementor-element-107e59d elementor-widget elementor-widget-image\" data-id=\"107e59d\" data-element_type=\"widget\" data-e-type=\"widget\" data-widget_type=\"image.default\">\n\t\t\t\t<div class=\"elementor-widget-container\">\n\t\t\t\t\t\t\t\t\t\t\t\t\t\t\t<img fetchpriority=\"high\" decoding=\"async\" width=\"800\" height=\"625\" src=\"https:\/\/opalaventure.com\/wp-content\/uploads\/2026\/01\/14-1024x800.webp\" class=\"attachment-large size-large wp-image-2514\" alt=\"salle-seminaire-cote-opale\" srcset=\"https:\/\/opalaventure.com\/wp-content\/uploads\/2026\/01\/14-1024x800.webp 1024w, https:\/\/opalaventure.com\/wp-content\/uploads\/2026\/01\/14-300x234.webp 300w, https:\/\/opalaventure.com\/wp-content\/uploads\/2026\/01\/14-768x600.png 768w, https:\/\/opalaventure.com\/wp-content\/uploads\/2026\/01\/14-1536x1200.png 1536w, https:\/\/opalaventure.com\/wp-content\/uploads\/2026\/01\/14-15x12.png 15w, https:\/\/opalaventure.com\/wp-content\/uploads\/2026\/01\/14.webp 1920w\" sizes=\"(max-width: 800px) 100vw, 800px\" \/>\t\t\t\t\t\t\t\t\t\t\t\t\t\t\t<\/div>\n\t\t\t\t<\/div>\n\t\t\t\t\t<\/div>\n\t\t<\/div>\n\t\t\t\t\t<\/div>\n\t\t<\/section>\n\t\t\t\t<section class=\"elementor-section elementor-top-section elementor-element elementor-element-e08da16 elementor-section-boxed elementor-section-height-default elementor-section-height-default\" data-id=\"e08da16\" data-element_type=\"section\" data-e-type=\"section\" data-settings=\"{&quot;background_background&quot;:&quot;classic&quot;}\">\n\t\t\t\t\t\t<div class=\"elementor-container elementor-column-gap-default\">\n\t\t\t\t\t<div class=\"elementor-column elementor-col-100 elementor-top-column elementor-element elementor-element-a8c8abf\" data-id=\"a8c8abf\" data-element_type=\"column\" data-e-type=\"column\">\n\t\t\t<div class=\"elementor-widget-wrap elementor-element-populated\">\n\t\t\t\t\t\t<div class=\"elementor-element elementor-element-7ea9bc5 elementor-widget elementor-widget-text-editor\" data-id=\"7ea9bc5\" data-element_type=\"widget\" data-e-type=\"widget\" data-widget_type=\"text-editor.default\">\n\t\t\t\t<div class=\"elementor-widget-container\">\n\t\t\t\t\t\t\t\t\t<p>Vous souhaitez organiser un \u00e9v\u00e9nement qui vous ressemble ? privatiser le lieu ?\u00a0<\/p><p>Nous sommes \u00e0 votre \u00e9coute pour construire un \u00e9v\u00e9nement unique dans un lieu magique !\u00a0<\/p><p>On en discute et nous vous proposons une offre &#8211; privatisation hors weekends, vacances et jours f\u00e9ri\u00e9s.<\/p>\t\t\t\t\t\t\t\t<\/div>\n\t\t\t\t<\/div>\n\t\t\t\t<div class=\"elementor-element elementor-element-92fcd9c elementor-widget elementor-widget-text-editor\" data-id=\"92fcd9c\" data-element_type=\"widget\" data-e-type=\"widget\" data-widget_type=\"text-editor.default\">\n\t\t\t\t<div class=\"elementor-widget-container\">\n\t\t\t\t\t\t\t\t\t<p>Vos projets ? Nos id\u00e9es !<\/p>\t\t\t\t\t\t\t\t<\/div>\n\t\t\t\t<\/div>\n\t\t\t\t<div class=\"elementor-element elementor-element-e127d6c elementor-align-center elementor-widget__width-inherit elementor-widget elementor-widget-button\" data-id=\"e127d6c\" data-element_type=\"widget\" data-e-type=\"widget\" data-widget_type=\"button.default\">\n\t\t\t\t<div class=\"elementor-widget-container\">\n\t\t\t\t\t\t\t\t\t<div class=\"elementor-button-wrapper\">\n\t\t\t\t\t<a class=\"elementor-button elementor-button-link elementor-size-sm\" href=\"https:\/\/opalaventure.com\/en\/contact-accrobranche\/\" target=\"_blank\">\n\t\t\t\t\t\t<span class=\"elementor-button-content-wrapper\">\n\t\t\t\t\t\t\t\t\t<span class=\"elementor-button-text\">Contact<\/span>\n\t\t\t\t\t<\/span>\n\t\t\t\t\t<\/a>\n\t\t\t\t<\/div>\n\t\t\t\t\t\t\t\t<\/div>\n\t\t\t\t<\/div>\n\t\t\t\t\t<\/div>\n\t\t<\/div>\n\t\t\t\t\t<\/div>\n\t\t<\/section>\n\t\t\t\t<\/div>","protected":false},"excerpt":{"rendered":"<p>Formule sur mesure ! Une \u00e9quipe polyvalente pr\u00eate \u00e0 organiser un \u00e9v\u00e9nement sp\u00e9cifique selon vos attentes !&nbsp; Vous souhaitez organiser un \u00e9v\u00e9nement qui vous ressemble ? privatiser le lieu ?\u00a0 Nous sommes \u00e0 votre \u00e9coute pour construire un \u00e9v\u00e9nement unique dans un lieu magique !\u00a0 On en discute et nous vous proposons une offre &#8211; [&hellip;]<\/p>\n","protected":false},"author":4,"featured_media":0,"parent":0,"menu_order":0,"comment_status":"closed","ping_status":"closed","template":"","meta":{"footnotes":""},"class_list":["post-1618","page","type-page","status-publish","hentry"],"_links":{"self":[{"href":"https:\/\/opalaventure.com\/en\/wp-json\/wp\/v2\/pages\/1618","targetHints":{"allow":["GET"]}}],"collection":[{"href":"https:\/\/opalaventure.com\/en\/wp-json\/wp\/v2\/pages"}],"about":[{"href":"https:\/\/opalaventure.com\/en\/wp-json\/wp\/v2\/types\/page"}],"author":[{"embeddable":true,"href":"https:\/\/opalaventure.com\/en\/wp-json\/wp\/v2\/users\/4"}],"replies":[{"embeddable":true,"href":"https:\/\/opalaventure.com\/en\/wp-json\/wp\/v2\/comments?post=1618"}],"version-history":[{"count":22,"href":"https:\/\/opalaventure.com\/en\/wp-json\/wp\/v2\/pages\/1618\/revisions"}],"predecessor-version":[{"id":3338,"href":"https:\/\/opalaventure.com\/en\/wp-json\/wp\/v2\/pages\/1618\/revisions\/3338"}],"wp:attachment":[{"href":"https:\/\/opalaventure.com\/en\/wp-json\/wp\/v2\/media?parent=1618"}],"curies":[{"name":"wp","href":"https:\/\/api.w.org\/{rel}","templated":true}]}}